{"id":7543,"date":"2025-05-28T08:59:33","date_gmt":"2025-05-28T08:59:33","guid":{"rendered":"https:\/\/sumcab.de\/historias-de-exito\/"},"modified":"2025-10-09T07:24:37","modified_gmt":"2025-10-09T07:24:37","slug":"historias-de-exito","status":"publish","type":"page","link":"https:\/\/sumcab.de\/es\/historias-de-exito\/","title":{"rendered":"Historias de \u00e9xito"},"content":{"rendered":"\t\t<div data-elementor-type=\"wp-page\" data-elementor-id=\"7543\" class=\"elementor elementor-7543 elementor-1457\" data-elementor-post-type=\"page\">\n\t\t\t\t<div class=\"elementor-element elementor-element-1a2354d e-flex e-con-boxed e-con e-child\" data-id=\"1a2354d\" data-element_type=\"container\" data-e-type=\"container\">\n\t\t\t\t\t<div class=\"e-con-inner\">\n\t\t<div class=\"elementor-element elementor-element-df537e4 e-con-full e-flex elementor-invisible e-con e-child\" data-id=\"df537e4\" data-element_type=\"container\" data-e-type=\"container\" data-settings=\"{&quot;background_background&quot;:&quot;classic&quot;,&quot;animation&quot;:&quot;fadeInDown&quot;}\">\n\t\t<div class=\"elementor-element elementor-element-f1127d5 e-con-full e-flex e-con e-child\" data-id=\"f1127d5\" data-element_type=\"container\" data-e-type=\"container\">\n\t\t\t\t<div class=\"elementor-element elementor-element-51337b3 elementor-widget elementor-widget-text-editor\" data-id=\"51337b3\" data-element_type=\"widget\" data-e-type=\"widget\" data-widget_type=\"text-editor.default\">\n\t\t\t\t<div class=\"elementor-widget-container\">\n\t\t\t\t\t\t\t\t\t<p>M\u00e1s informaci\u00f3n<\/p>\t\t\t\t\t\t\t\t<\/div>\n\t\t\t\t<\/div>\n\t\t\t\t<\/div>\n\t\t<div class=\"elementor-element elementor-element-d618a85 e-con-full e-flex e-con e-child\" data-id=\"d618a85\" data-element_type=\"container\" data-e-type=\"container\">\n\t\t\t\t<div class=\"elementor-element elementor-element-0bce377 elementor-widget elementor-widget-button\" data-id=\"0bce377\" data-element_type=\"widget\" data-e-type=\"widget\" data-widget_type=\"button.default\">\n\t\t\t\t<div class=\"elementor-widget-container\">\n\t\t\t\t\t\t\t\t\t<div class=\"elementor-button-wrapper\">\n\t\t\t\t\t<a class=\"elementor-button elementor-button-link elementor-size-sm elementor-animation-shrink\" href=\"https:\/\/sumcab.de\/es\/contacto\/\">\n\t\t\t\t\t\t<span class=\"elementor-button-content-wrapper\">\n\t\t\t\t\t\t\t\t\t<span class=\"elementor-button-text\">Cont\u00e1ctanos<\/span>\n\t\t\t\t\t<\/span>\n\t\t\t\t\t<\/a>\n\t\t\t\t<\/div>\n\t\t\t\t\t\t\t\t<\/div>\n\t\t\t\t<\/div>\n\t\t\t\t<\/div>\n\t\t\t\t<\/div>\n\t\t\t\t\t<\/div>\n\t\t\t\t<\/div>\n\t\t<div class=\"elementor-element elementor-element-860fd71 e-con-full e-flex e-con e-parent\" data-id=\"860fd71\" data-element_type=\"container\" data-e-type=\"container\">\n\t\t\t\t<div class=\"elementor-element elementor-element-1a0c358 elementor-widget elementor-widget-wp-widget-ipw\" data-id=\"1a0c358\" data-element_type=\"widget\" data-e-type=\"widget\" data-widget_type=\"wp-widget-ipw.default\">\n\t\t\t\t<div class=\"elementor-widget-container\">\n\t\t\t\t\t<div data-post-id=\"1587\" class=\"insert-page insert-page-1587 \"><section id=\"splide-casos-exito\" class=\"splide full-width col-12\">\n    <div class=\"splide__track\">\n        <ul class=\"splide__list\">\n                    <li class=\"splide__slide\">\n                <div class=\"banner_casos_row\" style=\"background-image: linear-gradient(to bottom, rgba(0,0,0,0.5), rgba(0,0,0,0.5)), url('https:\/\/sumcab.de\/wp-content\/uploads\/2025\/11\/IMG_7061-2-Acoplat_ALTA-scaled.jpg');\">\n                    <div class=\"banner_tamica_cont\">\n                        <div class=\"banner_tematica_int\">\n                            <h2 class=\"banner_title\">\n                                Sumcab garantiza la fiabilidad de la inspecci\u00f3n robotizada en Renault con Sumotex\u2122 y Sumosense                            <\/h2>\n                            <div class=\"banner_tematica_txt_cont\">\n                                <!-- <div class=\"banner_tematica_txt_cont_int\">\n                                                                    <\/div> -->\n                                <a href=\"https:\/\/sumcab.de\/es\/erfolgsgeschichten\/sumcab-garantiza-la-fiabilidad-de-la-inspeccion-robotizada-en-renault-con-sumotex-y-sumosense\/\" class=\"btn btn-primary\">\n                                    M\u00e1s informaci\u00f3n                                <\/a>\n                            <\/div>\n                        <\/div>\n                    <\/div>\n                <\/div>\n            <\/li>\n                    <li class=\"splide__slide\">\n                <div class=\"banner_casos_row\" style=\"background-image: linear-gradient(to bottom, rgba(0,0,0,0.5), rgba(0,0,0,0.5)), url('https:\/\/sumcab.de\/wp-content\/uploads\/2025\/10\/caso_exito_25-1.webp');\">\n                    <div class=\"banner_tamica_cont\">\n                        <div class=\"banner_tematica_int\">\n                            <h2 class=\"banner_title\">\n                                Sumcab y ABB, una colaboraci\u00f3n para alcanzar la excelencia en aplicaciones exigentes                            <\/h2>\n                            <div class=\"banner_tematica_txt_cont\">\n                                <!-- <div class=\"banner_tematica_txt_cont_int\">\n                                                                    <\/div> -->\n                                <a href=\"https:\/\/sumcab.de\/es\/erfolgsgeschichten\/sumcab-y-abb-una-colaboracion-para-alcanzar-la-excelencia-en-aplicaciones-exigentes\/\" class=\"btn btn-primary\">\n                                    M\u00e1s informaci\u00f3n                                <\/a>\n                            <\/div>\n                        <\/div>\n                    <\/div>\n                <\/div>\n            <\/li>\n                    <li class=\"splide__slide\">\n                <div class=\"banner_casos_row\" style=\"background-image: linear-gradient(to bottom, rgba(0,0,0,0.5), rgba(0,0,0,0.5)), url('https:\/\/sumcab.de\/wp-content\/uploads\/2025\/06\/Daimler-retoc-1-scaled.jpg');\">\n                    <div class=\"banner_tamica_cont\">\n                        <div class=\"banner_tematica_int\">\n                            <h2 class=\"banner_title\">\n                                SUMCAB y Mercedes-Benz Untert\u00fcrkheim: Tecnolog\u00eda rob\u00f3tica al m\u00e1s alto nivel                            <\/h2>\n                            <div class=\"banner_tematica_txt_cont\">\n                                <!-- <div class=\"banner_tematica_txt_cont_int\">\n                                                                    <\/div> -->\n                                <a href=\"https:\/\/sumcab.de\/es\/erfolgsgeschichten\/sumcab-y-mercedes-benz-untertuerkheim-tecnologia-robotica-al-mas-alto-nivel\/\" class=\"btn btn-primary\">\n                                    M\u00e1s informaci\u00f3n                                <\/a>\n                            <\/div>\n                        <\/div>\n                    <\/div>\n                <\/div>\n            <\/li>\n                    <li class=\"splide__slide\">\n                <div class=\"banner_casos_row\" style=\"background-image: linear-gradient(to bottom, rgba(0,0,0,0.5), rgba(0,0,0,0.5)), url('https:\/\/sumcab.de\/wp-content\/uploads\/2025\/05\/03-copia-scaled.webp');\">\n                    <div class=\"banner_tamica_cont\">\n                        <div class=\"banner_tematica_int\">\n                            <h2 class=\"banner_title\">\n                                Automatizaci\u00f3n exigente &#8211; Robottions apuesta por una alimentaci\u00f3n optimizada de energ\u00eda y medios                            <\/h2>\n                            <div class=\"banner_tematica_txt_cont\">\n                                <!-- <div class=\"banner_tematica_txt_cont_int\">\n                                                                    <\/div> -->\n                                <a href=\"https:\/\/sumcab.de\/es\/erfolgsgeschichten\/automatizacion-exigente-robottions-apuesta-por-una-alimentacion-de-energia-y-medios-optimizadarobottions-optimizes-robotic-production-lines-with-sumcab-solutions\/\" class=\"btn btn-primary\">\n                                    M\u00e1s informaci\u00f3n                                <\/a>\n                            <\/div>\n                        <\/div>\n                    <\/div>\n                <\/div>\n            <\/li>\n                    <li class=\"splide__slide\">\n                <div class=\"banner_casos_row\" style=\"background-image: linear-gradient(to bottom, rgba(0,0,0,0.5), rgba(0,0,0,0.5)), url('https:\/\/sumcab.de\/wp-content\/uploads\/2025\/05\/rochling-fons-683829d90e97f-scaled.webp');\">\n                    <div class=\"banner_tamica_cont\">\n                        <div class=\"banner_tematica_int\">\n                            <h2 class=\"banner_title\">\n                                Con SUMCAB hacia una conducci\u00f3n \u00f3ptima de medios: Retrofit exitoso en R\u00f6chling                            <\/h2>\n                            <div class=\"banner_tematica_txt_cont\">\n                                <!-- <div class=\"banner_tematica_txt_cont_int\">\n                                                                    <\/div> -->\n                                <a href=\"https:\/\/sumcab.de\/es\/erfolgsgeschichten\/con-sumcab-hacia-una-conduccion-de-medios-optima-retrofit-exitoso-en-roechling\/\" class=\"btn btn-primary\">\n                                    M\u00e1s informaci\u00f3n                                <\/a>\n                            <\/div>\n                        <\/div>\n                    <\/div>\n                <\/div>\n            <\/li>\n                <\/ul>\n    <\/div>\n<\/section>\n<\/div>\t\t\t\t<\/div>\n\t\t\t\t<\/div>\n\t\t\t\t<\/div>\n\t\t\t\t<\/div>\n\t\t","protected":false},"excerpt":{"rendered":"<p>M\u00e1s informaci\u00f3n Cont\u00e1ctanos<\/p>\n","protected":false},"author":1,"featured_media":0,"parent":0,"menu_order":0,"comment_status":"closed","ping_status":"closed","template":"","meta":{"_acf_changed":false,"inline_featured_image":false,"footnotes":""},"categories":[],"tags":[],"class_list":["post-7543","page","type-page","status-publish","hentry"],"acf":[],"_links":{"self":[{"href":"https:\/\/sumcab.de\/es\/wp-json\/wp\/v2\/pages\/7543","targetHints":{"allow":["GET"]}}],"collection":[{"href":"https:\/\/sumcab.de\/es\/wp-json\/wp\/v2\/pages"}],"about":[{"href":"https:\/\/sumcab.de\/es\/wp-json\/wp\/v2\/types\/page"}],"author":[{"embeddable":true,"href":"https:\/\/sumcab.de\/es\/wp-json\/wp\/v2\/users\/1"}],"replies":[{"embeddable":true,"href":"https:\/\/sumcab.de\/es\/wp-json\/wp\/v2\/comments?post=7543"}],"version-history":[{"count":10,"href":"https:\/\/sumcab.de\/es\/wp-json\/wp\/v2\/pages\/7543\/revisions"}],"predecessor-version":[{"id":7943,"href":"https:\/\/sumcab.de\/es\/wp-json\/wp\/v2\/pages\/7543\/revisions\/7943"}],"wp:attachment":[{"href":"https:\/\/sumcab.de\/es\/wp-json\/wp\/v2\/media?parent=7543"}],"wp:term":[{"taxonomy":"category","embeddable":true,"href":"https:\/\/sumcab.de\/es\/wp-json\/wp\/v2\/categories?post=7543"},{"taxonomy":"post_tag","embeddable":true,"href":"https:\/\/sumcab.de\/es\/wp-json\/wp\/v2\/tags?post=7543"}],"curies":[{"name":"wp","href":"https:\/\/api.w.org\/{rel}","templated":true}]}}