{"id":7538,"date":"2025-05-08T11:27:22","date_gmt":"2025-05-08T11:27:22","guid":{"rendered":"https:\/\/sumcab.de\/noticias\/"},"modified":"2025-10-08T10:59:09","modified_gmt":"2025-10-08T10:59:09","slug":"noticias","status":"publish","type":"page","link":"https:\/\/sumcab.de\/es\/noticias\/","title":{"rendered":"Noticias"},"content":{"rendered":"\t\t<div data-elementor-type=\"wp-page\" data-elementor-id=\"7538\" class=\"elementor elementor-7538 elementor-866\" data-elementor-post-type=\"page\">\n\t\t\t\t<div class=\"elementor-element elementor-element-808428f e-flex e-con-boxed e-con e-parent\" data-id=\"808428f\" data-element_type=\"container\" data-e-type=\"container\">\n\t\t\t\t\t<div class=\"e-con-inner\">\n\t\t<div class=\"elementor-element elementor-element-8354081 e-con-full e-flex e-con e-child\" data-id=\"8354081\" data-element_type=\"container\" data-e-type=\"container\">\n\t\t\t\t<\/div>\n\t\t<div class=\"elementor-element elementor-element-8527339 e-con-full e-flex e-con e-child\" data-id=\"8527339\" data-element_type=\"container\" data-e-type=\"container\">\n\t\t<div class=\"elementor-element elementor-element-63b01cd e-con-full e-flex elementor-invisible e-con e-child\" data-id=\"63b01cd\" data-element_type=\"container\" data-e-type=\"container\" data-settings=\"{&quot;background_background&quot;:&quot;classic&quot;,&quot;animation&quot;:&quot;fadeInDown&quot;}\">\n\t\t<div class=\"elementor-element elementor-element-b71a79b e-con-full e-flex e-con e-child\" data-id=\"b71a79b\" data-element_type=\"container\" data-e-type=\"container\">\n\t\t\t\t<div class=\"elementor-element elementor-element-f836335 elementor-widget elementor-widget-text-editor\" data-id=\"f836335\" data-element_type=\"widget\" data-e-type=\"widget\" data-widget_type=\"text-editor.default\">\n\t\t\t\t<div class=\"elementor-widget-container\">\n\t\t\t\t\t\t\t\t\t<p>M\u00e1s informaci\u00f3n<\/p>\t\t\t\t\t\t\t\t<\/div>\n\t\t\t\t<\/div>\n\t\t\t\t<\/div>\n\t\t<div class=\"elementor-element elementor-element-5b1298c e-con-full e-flex e-con e-child\" data-id=\"5b1298c\" data-element_type=\"container\" data-e-type=\"container\">\n\t\t\t\t<div class=\"elementor-element elementor-element-0ee62af elementor-widget elementor-widget-button\" data-id=\"0ee62af\" data-element_type=\"widget\" data-e-type=\"widget\" data-widget_type=\"button.default\">\n\t\t\t\t<div class=\"elementor-widget-container\">\n\t\t\t\t\t\t\t\t\t<div class=\"elementor-button-wrapper\">\n\t\t\t\t\t<a class=\"elementor-button elementor-button-link elementor-size-sm elementor-animation-shrink\" href=\"https:\/\/sumcab.de\/es\/contacto\/\">\n\t\t\t\t\t\t<span class=\"elementor-button-content-wrapper\">\n\t\t\t\t\t\t\t\t\t<span class=\"elementor-button-text\">Cont\u00e1ctanos<\/span>\n\t\t\t\t\t<\/span>\n\t\t\t\t\t<\/a>\n\t\t\t\t<\/div>\n\t\t\t\t\t\t\t\t<\/div>\n\t\t\t\t<\/div>\n\t\t\t\t<\/div>\n\t\t\t\t<\/div>\n\t\t\t\t<\/div>\n\t\t\t\t\t<\/div>\n\t\t\t\t<\/div>\n\t\t<div class=\"elementor-element elementor-element-2f81386 e-flex e-con-boxed e-con e-parent\" data-id=\"2f81386\" data-element_type=\"container\" data-e-type=\"container\">\n\t\t\t\t\t<div class=\"e-con-inner\">\n\t\t<div class=\"elementor-element elementor-element-a5b16de e-con-full e-flex e-con e-child\" data-id=\"a5b16de\" data-element_type=\"container\" data-e-type=\"container\">\n\t\t\t\t<div class=\"elementor-element elementor-element-f2b984b elementor-widget elementor-widget-heading\" data-id=\"f2b984b\" data-element_type=\"widget\" data-e-type=\"widget\" data-widget_type=\"heading.default\">\n\t\t\t\t<div class=\"elementor-widget-container\">\n\t\t\t\t\t<h2 class=\"elementor-heading-title elementor-size-default\">NOTICIAS<\/h2>\t\t\t\t<\/div>\n\t\t\t\t<\/div>\n\t\t\t\t<\/div>\n\t\t<div class=\"elementor-element elementor-element-7a4b9f9 e-con-full e-flex e-con e-child\" data-id=\"7a4b9f9\" data-element_type=\"container\" data-e-type=\"container\">\n\t\t\t\t<div class=\"elementor-element elementor-element-c501f27 elementor-widget elementor-widget-text-editor\" data-id=\"c501f27\" data-element_type=\"widget\" data-e-type=\"widget\" data-widget_type=\"text-editor.default\">\n\t\t\t\t<div class=\"elementor-widget-container\">\n\t\t\t\t\t\t\t\t\tMantente informado:\n<span class=\"vede_azul\">Todo lo nuevo de\nSumcab Robotics<\/span>\t\t\t\t\t\t\t\t<\/div>\n\t\t\t\t<\/div>\n\t\t\t\t<\/div>\n\t\t\t\t\t<\/div>\n\t\t\t\t<\/div>\n\t\t<div class=\"elementor-element elementor-element-defb29e e-flex e-con-boxed e-con e-parent\" data-id=\"defb29e\" data-element_type=\"container\" data-e-type=\"container\">\n\t\t\t\t\t<div class=\"e-con-inner\">\n\t\t\t\t<div class=\"elementor-element elementor-element-a5cf80a elementor-widget elementor-widget-taxonomy-filter\" data-id=\"a5cf80a\" data-element_type=\"widget\" data-e-type=\"widget\" data-settings=\"{&quot;selected_element&quot;:&quot;80ee4c4&quot;,&quot;taxonomy&quot;:&quot;category&quot;,&quot;item_alignment_horizontal&quot;:&quot;start&quot;,&quot;multiple_selection&quot;:&quot;no&quot;,&quot;horizontal_scroll&quot;:&quot;disable&quot;}\" data-widget_type=\"taxonomy-filter.default\">\n\t\t\t\t<div class=\"elementor-widget-container\">\n\t\t\t\t\t\t\t<search class=\"e-filter\" role=\"search\" data-base-url=\"https:\/\/sumcab.de\/es\/\" data-page-num=\"1\">\n\t\t\t\t\t\t\t<button class=\"e-filter-item\" data-filter=\"cable-especial-para-robot\" aria-pressed=\"false\">Cable especial para robot<\/button>\n\t\t\t\t\t\t\t<button class=\"e-filter-item\" data-filter=\"dresspack-es\" aria-pressed=\"false\">Dresspack<\/button>\n\t\t\t\t\t\t\t<button class=\"e-filter-item\" data-filter=\"mtpreel-es\" aria-pressed=\"false\">MTPReel<\/button>\n\t\t\t\n\t\t\t\t\t\t\t\t\t<button class=\"e-filter-item\" data-filter=\"__all\" aria-pressed=\"true\">\n\t\t\t\tTodos\t\t\t<\/button>\n\t\t\t\t\t<\/search>\n\t\t\t\t\t\t<\/div>\n\t\t\t\t<\/div>\n\t\t\t\t\t<\/div>\n\t\t\t\t<\/div>\n\t\t<div class=\"elementor-element elementor-element-f2615ca e-flex e-con-boxed e-con e-parent\" data-id=\"f2615ca\" data-element_type=\"container\" data-e-type=\"container\">\n\t\t\t\t\t<div class=\"e-con-inner\">\n\t\t\t\t<div class=\"elementor-element elementor-element-80ee4c4 elementor-grid-2 elementor-grid-tablet-2 elementor-grid-mobile-1 elementor-widget elementor-widget-loop-grid\" data-id=\"80ee4c4\" data-element_type=\"widget\" data-e-type=\"widget\" data-settings=\"{&quot;template_id&quot;:880,&quot;pagination_type&quot;:&quot;load_more_on_click&quot;,&quot;columns&quot;:2,&quot;row_gap&quot;:{&quot;unit&quot;:&quot;px&quot;,&quot;size&quot;:70,&quot;sizes&quot;:[]},&quot;_skin&quot;:&quot;post&quot;,&quot;columns_tablet&quot;:&quot;2&quot;,&quot;columns_mobile&quot;:&quot;1&quot;,&quot;edit_handle_selector&quot;:&quot;[data-elementor-type=\\&quot;loop-item\\&quot;]&quot;,&quot;load_more_spinner&quot;:{&quot;value&quot;:&quot;fas fa-spinner&quot;,&quot;library&quot;:&quot;fa-solid&quot;},&quot;row_gap_tablet&quot;:{&quot;unit&quot;:&quot;px&quot;,&quot;size&quot;:&quot;&quot;,&quot;sizes&quot;:[]},&quot;row_gap_mobile&quot;:{&quot;unit&quot;:&quot;px&quot;,&quot;size&quot;:&quot;&quot;,&quot;sizes&quot;:[]}}\" data-widget_type=\"loop-grid.post\">\n\t\t\t\t<div class=\"elementor-widget-container\">\n\t\t\t\t\t\t\t<div class=\"elementor-loop-container elementor-grid\" role=\"list\">\n\t\t<style id=\"loop-dynamic-880\">.e-loop-item-8129 .elementor-element.elementor-element-dfea9eb:not(.elementor-motion-effects-element-type-background), .e-loop-item-8129 .elementor-element.elementor-element-dfea9eb > .elementor-motion-effects-container > .elementor-motion-effects-layer{background-image:url(\"https:\/\/sumcab.de\/wp-content\/uploads\/2025\/10\/Sumcab_partnewr.webp\");}<\/style><style id=\"loop-880\">.elementor-880 .elementor-element.elementor-element-b6759d5{--display:flex;--flex-direction:column;--container-widget-width:100%;--container-widget-height:initial;--container-widget-flex-grow:0;--container-widget-align-self:initial;--flex-wrap-mobile:wrap;}.elementor-880 .elementor-element.elementor-element-dfea9eb{--display:flex;--min-height:300px;--overlay-opacity:0.5;}.elementor-880 .elementor-element.elementor-element-dfea9eb:not(.elementor-motion-effects-element-type-background), .elementor-880 .elementor-element.elementor-element-dfea9eb > .elementor-motion-effects-container > .elementor-motion-effects-layer{background-position:bottom left;background-size:cover;}.elementor-880 .elementor-element.elementor-element-dfea9eb::before, .elementor-880 .elementor-element.elementor-element-dfea9eb > .elementor-background-video-container::before, .elementor-880 .elementor-element.elementor-element-dfea9eb > .e-con-inner > .elementor-background-video-container::before, .elementor-880 .elementor-element.elementor-element-dfea9eb > .elementor-background-slideshow::before, .elementor-880 .elementor-element.elementor-element-dfea9eb > .e-con-inner > .elementor-background-slideshow::before, .elementor-880 .elementor-element.elementor-element-dfea9eb > .elementor-motion-effects-container > .elementor-motion-effects-layer::before{--background-overlay:'';}.elementor-880 .elementor-element.elementor-element-dfea9eb:hover::before, .elementor-880 .elementor-element.elementor-element-dfea9eb:hover > .elementor-background-video-container::before, .elementor-880 .elementor-element.elementor-element-dfea9eb:hover > .e-con-inner > .elementor-background-video-container::before, .elementor-880 .elementor-element.elementor-element-dfea9eb > .elementor-background-slideshow:hover::before, .elementor-880 .elementor-element.elementor-element-dfea9eb > .e-con-inner > .elementor-background-slideshow:hover::before{--background-overlay:'';background-color:#192C41;}.elementor-880 .elementor-element.elementor-element-dfea9eb:hover{--overlay-opacity:0.5;}.elementor-widget-theme-post-title .elementor-heading-title{font-family:var( --e-global-typography-primary-font-family ), Sans-serif;font-weight:var( --e-global-typography-primary-font-weight );color:var( --e-global-color-primary );}.elementor-880 .elementor-element.elementor-element-ad644ff .elementor-heading-title{font-family:\"Fractul\", Sans-serif;font-size:20px;font-weight:300;}.elementor-880 .elementor-element.elementor-element-ad644ff .elementor-heading-title a:hover, .elementor-880 .elementor-element.elementor-element-ad644ff .elementor-heading-title a:focus{color:#12344E;}<\/style>\t\t<div data-elementor-type=\"loop-item\" data-elementor-id=\"880\" class=\"elementor elementor-880 e-loop-item e-loop-item-8129 post-8129 news type-news status-publish has-post-thumbnail hentry category-dresspack-es\" data-elementor-post-type=\"elementor_library\" data-custom-edit-handle=\"1\">\n\t\t\t<div class=\"elementor-element elementor-element-b6759d5 e-flex e-con-boxed e-con e-parent\" data-id=\"b6759d5\" data-element_type=\"container\" data-e-type=\"container\">\n\t\t\t\t\t<div class=\"e-con-inner\">\n\t\t<a class=\"elementor-element elementor-element-dfea9eb e-con-full e-flex e-con e-child\" data-id=\"dfea9eb\" data-element_type=\"container\" data-e-type=\"container\" data-settings=\"{&quot;background_background&quot;:&quot;classic&quot;}\" href=\"https:\/\/sumcab.de\/es\/news\/sumcab-robotics-refuerza-su-presencia-en-europa-con-un-acuerdo-estrategico-con-pes\/\">\n\t\t\t\t<\/a>\n\t\t\t\t<div class=\"elementor-element elementor-element-ad644ff elementor-widget elementor-widget-theme-post-title elementor-page-title elementor-widget-heading\" data-id=\"ad644ff\" data-element_type=\"widget\" data-e-type=\"widget\" data-widget_type=\"theme-post-title.default\">\n\t\t\t\t<div class=\"elementor-widget-container\">\n\t\t\t\t\t<h2 class=\"elementor-heading-title elementor-size-default\"><a href=\"https:\/\/sumcab.de\/es\/news\/sumcab-robotics-refuerza-su-presencia-en-europa-con-un-acuerdo-estrategico-con-pes\/\">Sumcab Robotics refuerza su presencia en Europa con un acuerdo estrat\u00e9gico con PES<\/a><\/h2>\t\t\t\t<\/div>\n\t\t\t\t<\/div>\n\t\t\t\t\t<\/div>\n\t\t\t\t<\/div>\n\t\t\t\t<\/div>\n\t\t<style id=\"loop-dynamic-880\">.e-loop-item-7318 .elementor-element.elementor-element-dfea9eb:not(.elementor-motion-effects-element-type-background), .e-loop-item-7318 .elementor-element.elementor-element-dfea9eb > .elementor-motion-effects-container > .elementor-motion-effects-layer{background-image:url(\"https:\/\/sumcab.de\/wp-content\/uploads\/2025\/04\/KEBA.jpg\");}<\/style>\t\t<div data-elementor-type=\"loop-item\" data-elementor-id=\"880\" class=\"elementor elementor-880 e-loop-item e-loop-item-7318 post-7318 news type-news status-publish has-post-thumbnail hentry category-mtpreel-es\" data-elementor-post-type=\"elementor_library\" data-custom-edit-handle=\"1\">\n\t\t\t<div class=\"elementor-element elementor-element-b6759d5 e-flex e-con-boxed e-con e-parent\" data-id=\"b6759d5\" data-element_type=\"container\" data-e-type=\"container\">\n\t\t\t\t\t<div class=\"e-con-inner\">\n\t\t<a class=\"elementor-element elementor-element-dfea9eb e-con-full e-flex e-con e-child\" data-id=\"dfea9eb\" data-element_type=\"container\" data-e-type=\"container\" data-settings=\"{&quot;background_background&quot;:&quot;classic&quot;}\" href=\"https:\/\/sumcab.de\/es\/news\/alianza-estrategica-entre-sumcab-robotics-y-keba-ag\/\">\n\t\t\t\t<\/a>\n\t\t\t\t<div class=\"elementor-element elementor-element-ad644ff elementor-widget elementor-widget-theme-post-title elementor-page-title elementor-widget-heading\" data-id=\"ad644ff\" data-element_type=\"widget\" data-e-type=\"widget\" data-widget_type=\"theme-post-title.default\">\n\t\t\t\t<div class=\"elementor-widget-container\">\n\t\t\t\t\t<h2 class=\"elementor-heading-title elementor-size-default\"><a href=\"https:\/\/sumcab.de\/es\/news\/alianza-estrategica-entre-sumcab-robotics-y-keba-ag\/\">Alianza estrat\u00e9gica entre Sumcab Robotics y KEBA AGStrategische Partnerschaft zwischen Sumcab Robotics und KEBA AG<\/a><\/h2>\t\t\t\t<\/div>\n\t\t\t\t<\/div>\n\t\t\t\t\t<\/div>\n\t\t\t\t<\/div>\n\t\t\t\t<\/div>\n\t\t<style id=\"loop-dynamic-880\">.e-loop-item-7321 .elementor-element.elementor-element-dfea9eb:not(.elementor-motion-effects-element-type-background), .e-loop-item-7321 .elementor-element.elementor-element-dfea9eb > .elementor-motion-effects-container > .elementor-motion-effects-layer{background-image:url(\"https:\/\/sumcab.de\/wp-content\/uploads\/2025\/04\/Daimler-retoc.jpg\");}<\/style>\t\t<div data-elementor-type=\"loop-item\" data-elementor-id=\"880\" class=\"elementor elementor-880 e-loop-item e-loop-item-7321 post-7321 news type-news status-publish has-post-thumbnail hentry category-dresspack-es\" data-elementor-post-type=\"elementor_library\" data-custom-edit-handle=\"1\">\n\t\t\t<div class=\"elementor-element elementor-element-b6759d5 e-flex e-con-boxed e-con e-parent\" data-id=\"b6759d5\" data-element_type=\"container\" data-e-type=\"container\">\n\t\t\t\t\t<div class=\"e-con-inner\">\n\t\t<a class=\"elementor-element elementor-element-dfea9eb e-con-full e-flex e-con e-child\" data-id=\"dfea9eb\" data-element_type=\"container\" data-e-type=\"container\" data-settings=\"{&quot;background_background&quot;:&quot;classic&quot;}\" href=\"https:\/\/sumcab.de\/es\/news\/sumotex-revoluciona-la-robotica-industrial\/\">\n\t\t\t\t<\/a>\n\t\t\t\t<div class=\"elementor-element elementor-element-ad644ff elementor-widget elementor-widget-theme-post-title elementor-page-title elementor-widget-heading\" data-id=\"ad644ff\" data-element_type=\"widget\" data-e-type=\"widget\" data-widget_type=\"theme-post-title.default\">\n\t\t\t\t<div class=\"elementor-widget-container\">\n\t\t\t\t\t<h2 class=\"elementor-heading-title elementor-size-default\"><a href=\"https:\/\/sumcab.de\/es\/news\/sumotex-revoluciona-la-robotica-industrial\/\">SUMOTEX\u2122 revoluciona la rob\u00f3tica industrial<\/a><\/h2>\t\t\t\t<\/div>\n\t\t\t\t<\/div>\n\t\t\t\t\t<\/div>\n\t\t\t\t<\/div>\n\t\t\t\t<\/div>\n\t\t<style id=\"loop-dynamic-880\">.e-loop-item-7319 .elementor-element.elementor-element-dfea9eb:not(.elementor-motion-effects-element-type-background), .e-loop-item-7319 .elementor-element.elementor-element-dfea9eb > .elementor-motion-effects-container > .elementor-motion-effects-layer{background-image:url(\"https:\/\/sumcab.de\/wp-content\/uploads\/2025\/04\/Daimler-retoc_2.jpg\");}<\/style>\t\t<div data-elementor-type=\"loop-item\" data-elementor-id=\"880\" class=\"elementor elementor-880 e-loop-item e-loop-item-7319 post-7319 news type-news status-publish has-post-thumbnail hentry category-dresspack-es\" data-elementor-post-type=\"elementor_library\" data-custom-edit-handle=\"1\">\n\t\t\t<div class=\"elementor-element elementor-element-b6759d5 e-flex e-con-boxed e-con e-parent\" data-id=\"b6759d5\" data-element_type=\"container\" data-e-type=\"container\">\n\t\t\t\t\t<div class=\"e-con-inner\">\n\t\t<a class=\"elementor-element elementor-element-dfea9eb e-con-full e-flex e-con e-child\" data-id=\"dfea9eb\" data-element_type=\"container\" data-e-type=\"container\" data-settings=\"{&quot;background_background&quot;:&quot;classic&quot;}\" href=\"https:\/\/sumcab.de\/es\/news\/automatizacion-confiable-con-soluciones-innovadoras-de-sumcab\/\">\n\t\t\t\t<\/a>\n\t\t\t\t<div class=\"elementor-element elementor-element-ad644ff elementor-widget elementor-widget-theme-post-title elementor-page-title elementor-widget-heading\" data-id=\"ad644ff\" data-element_type=\"widget\" data-e-type=\"widget\" data-widget_type=\"theme-post-title.default\">\n\t\t\t\t<div class=\"elementor-widget-container\">\n\t\t\t\t\t<h2 class=\"elementor-heading-title elementor-size-default\"><a href=\"https:\/\/sumcab.de\/es\/news\/automatizacion-confiable-con-soluciones-innovadoras-de-sumcab\/\">Automatizaci\u00f3n confiable con soluciones innovadoras de Sumcab<\/a><\/h2>\t\t\t\t<\/div>\n\t\t\t\t<\/div>\n\t\t\t\t\t<\/div>\n\t\t\t\t<\/div>\n\t\t\t\t<\/div>\n\t\t<style id=\"loop-dynamic-880\">.e-loop-item-7320 .elementor-element.elementor-element-dfea9eb:not(.elementor-motion-effects-element-type-background), .e-loop-item-7320 .elementor-element.elementor-element-dfea9eb > .elementor-motion-effects-container > .elementor-motion-effects-layer{background-image:url(\"https:\/\/sumcab.de\/wp-content\/uploads\/2025\/04\/Rochling_fons-copia-scaled.jpg\");}<\/style>\t\t<div data-elementor-type=\"loop-item\" data-elementor-id=\"880\" class=\"elementor elementor-880 e-loop-item e-loop-item-7320 post-7320 news type-news status-publish has-post-thumbnail hentry category-cable-especial-para-robot\" data-elementor-post-type=\"elementor_library\" data-custom-edit-handle=\"1\">\n\t\t\t<div class=\"elementor-element elementor-element-b6759d5 e-flex e-con-boxed e-con e-parent\" data-id=\"b6759d5\" data-element_type=\"container\" data-e-type=\"container\">\n\t\t\t\t\t<div class=\"e-con-inner\">\n\t\t<a class=\"elementor-element elementor-element-dfea9eb e-con-full e-flex e-con e-child\" data-id=\"dfea9eb\" data-element_type=\"container\" data-e-type=\"container\" data-settings=\"{&quot;background_background&quot;:&quot;classic&quot;}\" href=\"https:\/\/sumcab.de\/es\/news\/instalaciones-de-moldeo-por-inyeccion-mas-eficientes-gracias-a-los-paquetes-de-cables-de-sumcab\/\">\n\t\t\t\t<\/a>\n\t\t\t\t<div class=\"elementor-element elementor-element-ad644ff elementor-widget elementor-widget-theme-post-title elementor-page-title elementor-widget-heading\" data-id=\"ad644ff\" data-element_type=\"widget\" data-e-type=\"widget\" data-widget_type=\"theme-post-title.default\">\n\t\t\t\t<div class=\"elementor-widget-container\">\n\t\t\t\t\t<h2 class=\"elementor-heading-title elementor-size-default\"><a href=\"https:\/\/sumcab.de\/es\/news\/instalaciones-de-moldeo-por-inyeccion-mas-eficientes-gracias-a-los-paquetes-de-cables-de-sumcab\/\">Instalaciones de moldeo por inyecci\u00f3n m\u00e1s eficientes gracias a los paquetes de cables de SUMCAB<\/a><\/h2>\t\t\t\t<\/div>\n\t\t\t\t<\/div>\n\t\t\t\t\t<\/div>\n\t\t\t\t<\/div>\n\t\t\t\t<\/div>\n\t\t\t\t<\/div>\n\t\t\t\t\t<span class=\"e-load-more-spinner\">\n\t\t\t\t<svg aria-hidden=\"true\" class=\"e-font-icon-svg e-fas-spinner\" viewBox=\"0 0 512 512\" xmlns=\"http:\/\/www.w3.org\/2000\/svg\"><path d=\"M304 48c0 26.51-21.49 48-48 48s-48-21.49-48-48 21.49-48 48-48 48 21.49 48 48zm-48 368c-26.51 0-48 21.49-48 48s21.49 48 48 48 48-21.49 48-48-21.49-48-48-48zm208-208c-26.51 0-48 21.49-48 48s21.49 48 48 48 48-21.49 48-48-21.49-48-48-48zM96 256c0-26.51-21.49-48-48-48S0 229.49 0 256s21.49 48 48 48 48-21.49 48-48zm12.922 99.078c-26.51 0-48 21.49-48 48s21.49 48 48 48 48-21.49 48-48c0-26.509-21.491-48-48-48zm294.156 0c-26.51 0-48 21.49-48 48s21.49 48 48 48 48-21.49 48-48c0-26.509-21.49-48-48-48zM108.922 60.922c-26.51 0-48 21.49-48 48s21.49 48 48 48 48-21.49 48-48-21.491-48-48-48z\"><\/path><\/svg>\t\t\t<\/span>\n\t\t\n\t\t\t\t\t\t<\/div>\n\t\t\t\t<\/div>\n\t\t\t\t\t<\/div>\n\t\t\t\t<\/div>\n\t\t<div class=\"elementor-element elementor-element-fbdd394 e-flex e-con-boxed e-con e-parent\" data-id=\"fbdd394\" data-element_type=\"container\" data-e-type=\"container\">\n\t\t\t\t\t<div class=\"e-con-inner\">\n\t\t\t\t\t<\/div>\n\t\t\t\t<\/div>\n\t\t\t\t<\/div>\n\t\t","protected":false},"excerpt":{"rendered":"<p>M\u00e1s informaci\u00f3n Cont\u00e1ctanos NOTICIAS Mantente informado: Todo lo nuevo de Sumcab Robotics Cable especial para robot Destacado Dresspack MTPReel Todos<\/p>\n","protected":false},"author":1,"featured_media":0,"parent":0,"menu_order":0,"comment_status":"closed","ping_status":"closed","template":"","meta":{"_acf_changed":false,"inline_featured_image":false,"footnotes":""},"categories":[],"tags":[],"class_list":["post-7538","page","type-page","status-publish","hentry"],"acf":[],"_links":{"self":[{"href":"https:\/\/sumcab.de\/es\/wp-json\/wp\/v2\/pages\/7538","targetHints":{"allow":["GET"]}}],"collection":[{"href":"https:\/\/sumcab.de\/es\/wp-json\/wp\/v2\/pages"}],"about":[{"href":"https:\/\/sumcab.de\/es\/wp-json\/wp\/v2\/types\/page"}],"author":[{"embeddable":true,"href":"https:\/\/sumcab.de\/es\/wp-json\/wp\/v2\/users\/1"}],"replies":[{"embeddable":true,"href":"https:\/\/sumcab.de\/es\/wp-json\/wp\/v2\/comments?post=7538"}],"version-history":[{"count":5,"href":"https:\/\/sumcab.de\/es\/wp-json\/wp\/v2\/pages\/7538\/revisions"}],"predecessor-version":[{"id":7861,"href":"https:\/\/sumcab.de\/es\/wp-json\/wp\/v2\/pages\/7538\/revisions\/7861"}],"wp:attachment":[{"href":"https:\/\/sumcab.de\/es\/wp-json\/wp\/v2\/media?parent=7538"}],"wp:term":[{"taxonomy":"category","embeddable":true,"href":"https:\/\/sumcab.de\/es\/wp-json\/wp\/v2\/categories?post=7538"},{"taxonomy":"post_tag","embeddable":true,"href":"https:\/\/sumcab.de\/es\/wp-json\/wp\/v2\/tags?post=7538"}],"curies":[{"name":"wp","href":"https:\/\/api.w.org\/{rel}","templated":true}]}}