{"id":7517,"date":"2025-05-08T10:47:05","date_gmt":"2025-05-08T10:47:05","guid":{"rendered":"https:\/\/sumcab.de\/contacto\/"},"modified":"2026-01-28T08:43:58","modified_gmt":"2026-01-28T08:43:58","slug":"contacto","status":"publish","type":"page","link":"https:\/\/sumcab.de\/es\/contacto\/","title":{"rendered":"Contacto"},"content":{"rendered":"\t\t<div data-elementor-type=\"wp-page\" data-elementor-id=\"7517\" class=\"elementor elementor-7517 elementor-868\" data-elementor-post-type=\"page\">\n\t\t\t\t<div class=\"elementor-element elementor-element-52bc8d2 e-con-full e-flex e-con e-parent\" data-id=\"52bc8d2\" data-element_type=\"container\" data-e-type=\"container\" data-settings=\"{&quot;background_background&quot;:&quot;classic&quot;}\">\n\t\t<div class=\"elementor-element elementor-element-950f383 e-flex e-con-boxed e-con e-child\" data-id=\"950f383\" data-element_type=\"container\" data-e-type=\"container\">\n\t\t\t\t\t<div class=\"e-con-inner\">\n\t\t\t\t<div class=\"elementor-element elementor-element-a7af216 elementor-widget elementor-widget-heading\" data-id=\"a7af216\" data-element_type=\"widget\" data-e-type=\"widget\" data-widget_type=\"heading.default\">\n\t\t\t\t<div class=\"elementor-widget-container\">\n\t\t\t\t\t<h2 class=\"elementor-heading-title elementor-size-default\">Cont\u00e1ctanos<\/h2>\t\t\t\t<\/div>\n\t\t\t\t<\/div>\n\t\t\t\t\t<\/div>\n\t\t\t\t<\/div>\n\t\t\t\t<\/div>\n\t\t<div class=\"elementor-element elementor-element-221f924 e-flex e-con-boxed e-con e-parent\" data-id=\"221f924\" data-element_type=\"container\" data-e-type=\"container\">\n\t\t\t\t\t<div class=\"e-con-inner\">\n\t\t\t\t<div class=\"elementor-element elementor-element-26184f0 elementor-widget elementor-widget-spacer\" data-id=\"26184f0\" data-element_type=\"widget\" data-e-type=\"widget\" data-widget_type=\"spacer.default\">\n\t\t\t\t<div class=\"elementor-widget-container\">\n\t\t\t\t\t\t\t<div class=\"elementor-spacer\">\n\t\t\t<div class=\"elementor-spacer-inner\"><\/div>\n\t\t<\/div>\n\t\t\t\t\t\t<\/div>\n\t\t\t\t<\/div>\n\t\t\t\t\t<\/div>\n\t\t\t\t<\/div>\n\t\t<div class=\"elementor-element elementor-element-25d7f64 e-flex e-con-boxed e-con e-parent\" data-id=\"25d7f64\" data-element_type=\"container\" data-e-type=\"container\">\n\t\t\t\t\t<div class=\"e-con-inner\">\n\t\t<div class=\"elementor-element elementor-element-bfe7516 e-con-full e-flex e-con e-child\" data-id=\"bfe7516\" data-element_type=\"container\" data-e-type=\"container\">\n\t\t\t\t<div class=\"elementor-element elementor-element-0fd5f5e elementor-widget elementor-widget-wpforms\" data-id=\"0fd5f5e\" data-element_type=\"widget\" data-e-type=\"widget\" data-widget_type=\"wpforms.default\">\n\t\t\t\t<div class=\"elementor-widget-container\">\n\t\t\t\t\t<div class=\"wpforms-container wpforms-container-full wpforms-render-modern\" id=\"wpforms-8359\"><form id=\"wpforms-form-8359\" class=\"wpforms-validate wpforms-form wpforms-ajax-form\" data-formid=\"8359\" method=\"post\" enctype=\"multipart\/form-data\" action=\"\/es\/wp-json\/wp\/v2\/pages\/7517\" data-token=\"841eaad0c2425a07e119f0291254a582\" data-token-time=\"1775742100\"><noscript class=\"wpforms-error-noscript\">Por favor, activa JavaScript en tu navegador para completar este formulario.<\/noscript><div id=\"wpforms-error-noscript\" style=\"display: none;\">Por favor, activa JavaScript en tu navegador para completar este formulario.<\/div><div class=\"wpforms-field-container\"><div id=\"wpforms-8359-field_1-container\" class=\"wpforms-field wpforms-field-radio\" data-field-id=\"1\"><fieldset><legend class=\"wpforms-field-label wpforms-label-hide\" aria-hidden=\"false\">Opci\u00f3n m\u00faltiple<\/legend><ul id=\"wpforms-8359-field_1\"><li class=\"choice-1 depth-1\"><input type=\"radio\" id=\"wpforms-8359-field_1_1\" name=\"wpforms[fields][1]\" value=\"Suministro de energ\u00eda y medios\" aria-errormessage=\"wpforms-8359-field_1_1-error\"  ><label class=\"wpforms-field-label-inline\" for=\"wpforms-8359-field_1_1\">Suministro de energ\u00eda y medios<\/label><\/li><li class=\"choice-2 depth-1\"><input type=\"radio\" id=\"wpforms-8359-field_1_2\" name=\"wpforms[fields][1]\" value=\"Cables Especiales\" aria-errormessage=\"wpforms-8359-field_1_2-error\"  ><label class=\"wpforms-field-label-inline\" for=\"wpforms-8359-field_1_2\">Cables Especiales<\/label><\/li><li class=\"choice-3 depth-1\"><input type=\"radio\" id=\"wpforms-8359-field_1_3\" name=\"wpforms[fields][1]\" value=\"MTPReel - Sistema de retracci\u00f3n de cables\" aria-errormessage=\"wpforms-8359-field_1_3-error\"  ><label class=\"wpforms-field-label-inline\" for=\"wpforms-8359-field_1_3\">MTPReel - Sistema de retracci\u00f3n de cables<\/label><\/li><li class=\"choice-4 depth-1\"><input type=\"radio\" id=\"wpforms-8359-field_1_4\" name=\"wpforms[fields][1]\" value=\"Servicio de mantenimiento\" aria-errormessage=\"wpforms-8359-field_1_4-error\"  ><label class=\"wpforms-field-label-inline\" for=\"wpforms-8359-field_1_4\">Servicio de mantenimiento<\/label><\/li><\/ul><\/fieldset><\/div><div id=\"wpforms-8359-field_2-container\" class=\"wpforms-field wpforms-field-text\" data-field-id=\"2\"><label class=\"wpforms-field-label\" for=\"wpforms-8359-field_2\">Nombre y apellido <span class=\"wpforms-required-label\" aria-hidden=\"true\">*<\/span><\/label><input type=\"text\" id=\"wpforms-8359-field_2\" class=\"wpforms-field-large wpforms-field-required\" name=\"wpforms[fields][2]\" aria-errormessage=\"wpforms-8359-field_2-error\" required><\/div><div id=\"wpforms-8359-field_3-container\" class=\"wpforms-field wpforms-field-text\" data-field-id=\"3\"><label class=\"wpforms-field-label\" for=\"wpforms-8359-field_3\">Nombre de empresa<\/label><input type=\"text\" id=\"wpforms-8359-field_3\" class=\"wpforms-field-large\" name=\"wpforms[fields][3]\" aria-errormessage=\"wpforms-8359-field_3-error\" ><\/div><div id=\"wpforms-8359-field_15-container\" class=\"wpforms-field wpforms-field-text\" data-field-id=\"15\"><label class=\"wpforms-field-label\" for=\"wpforms-8359-field_15\">Pa\u00eds <span class=\"wpforms-required-label\" aria-hidden=\"true\">*<\/span><\/label><input type=\"text\" id=\"wpforms-8359-field_15\" class=\"wpforms-field-large wpforms-field-required\" name=\"wpforms[fields][15]\" aria-errormessage=\"wpforms-8359-field_15-error\" required><\/div>\t\t<div id=\"wpforms-8359-field_4-container\"\n\t\t\tclass=\"wpforms-field wpforms-field-text\"\n\t\t\tdata-field-type=\"text\"\n\t\t\tdata-field-id=\"4\"\n\t\t\t>\n\t\t\t<label class=\"wpforms-field-label\" for=\"wpforms-8359-field_4\" >Custom m\u00faltiple Correo<\/label>\n\t\t\t<input type=\"text\" id=\"wpforms-8359-field_4\" class=\"wpforms-field-medium\" name=\"wpforms[fields][4]\" >\n\t\t<\/div>\n\t\t<div id=\"wpforms-8359-field_9-container\" class=\"wpforms-field wpforms-field-layout\" data-field-id=\"9\"><div class=\"wpforms-field-layout-rows wpforms-field-large\"><div class=\"wpforms-layout-row\"><div class=\"wpforms-layout-column wpforms-layout-column-50\"><div id=\"wpforms-8359-field_10-container\" class=\"wpforms-field wpforms-field-email\" data-field-id=\"10\"><label class=\"wpforms-field-label\" for=\"wpforms-8359-field_10\">Correo electr\u00f3nico <span class=\"wpforms-required-label\" aria-hidden=\"true\">*<\/span><\/label><input type=\"email\" id=\"wpforms-8359-field_10\" class=\"wpforms-field-medium wpforms-field-required\" name=\"wpforms[fields][10]\" spellcheck=\"false\" aria-errormessage=\"wpforms-8359-field_10-error\" required><\/div><\/div><div class=\"wpforms-layout-column wpforms-layout-column-50\"><div id=\"wpforms-8359-field_7-container\" class=\"wpforms-field wpforms-field-text\" data-field-id=\"7\"><label class=\"wpforms-field-label\" for=\"wpforms-8359-field_7\">N\u00famero de tel\u00e9fono<\/label><input type=\"text\" id=\"wpforms-8359-field_7\" class=\"wpforms-field-medium\" name=\"wpforms[fields][7]\" aria-errormessage=\"wpforms-8359-field_7-error\" ><\/div><\/div><\/div><\/div><\/div><div id=\"wpforms-8359-field_11-container\" class=\"wpforms-field wpforms-field-layout\" data-field-id=\"11\"><div class=\"wpforms-field-layout-rows wpforms-field-large\"><div class=\"wpforms-layout-row\"><div class=\"wpforms-layout-column wpforms-layout-column-100\"><div id=\"wpforms-8359-field_12-container\" class=\"wpforms-field wpforms-field-textarea\" data-field-id=\"12\"><label class=\"wpforms-field-label\" for=\"wpforms-8359-field_12\">Tu mensaje<\/label><textarea id=\"wpforms-8359-field_12\" class=\"wpforms-field-medium\" name=\"wpforms[fields][12]\" aria-errormessage=\"wpforms-8359-field_12-error\" ><\/textarea><\/div><\/div><\/div><div class=\"wpforms-layout-row\"><div class=\"wpforms-layout-column wpforms-layout-column-100\"><div id=\"wpforms-8359-field_13-container\" class=\"wpforms-field wpforms-field-checkbox\" data-field-id=\"13\"><fieldset><legend class=\"wpforms-field-label wpforms-label-hide\" aria-hidden=\"false\">Verificaci\u00f3n <span class=\"wpforms-required-label\" aria-hidden=\"true\">*<\/span><\/legend><ul id=\"wpforms-8359-field_13\" class=\"wpforms-field-required\"><li class=\"choice-1 depth-1\"><input type=\"checkbox\" id=\"wpforms-8359-field_13_1\" name=\"wpforms[fields][13][]\" value=\"He le\u00eddo y acepto la &lt;a href=&quot;https:\/\/sumcab.de\/es\/politica-de-privacidad\/&quot; target=&quot;_blank&quot;&gt;pol\u00edtica de privacidad&lt;\/a&gt;\" aria-errormessage=\"wpforms-8359-field_13_1-error\" required ><label class=\"wpforms-field-label-inline\" for=\"wpforms-8359-field_13_1\">He le\u00eddo y acepto la <a href=\"https:\/\/sumcab.de\/es\/politica-de-privacidad\/\" target=\"_blank\">pol\u00edtica de privacidad<\/a><\/label><\/li><\/ul><\/fieldset><\/div><\/div><\/div><\/div><\/div><div id=\"wpforms-8359-field_14-container\" class=\"wpforms-field wpforms-field-captcha\" data-field-id=\"14\"><label class=\"wpforms-field-label wpforms-label-hide\" for=\"wpforms-8359-field_14\" aria-hidden=\"false\">Custom Captcha <span class=\"wpforms-required-label\" aria-hidden=\"true\">*<\/span><\/label>\t\t\t<div class=\"wpforms-captcha-math\">\n\t\t\t\t<span id=\"wpforms-8359-field_14-question\" class=\"wpforms-captcha-equation\">\n\t\t\t\t\t<span class=\"n1\">5<\/span>\n\t\t\t\t\t\t\t<span class=\"cal\">+<\/span>\n\t\t\t\t\t\t\t<span class=\"n2\">1<\/span>\t\t\t\t\t<span class=\"e\">=<\/span>\n\t\t\t\t<\/span>\n\t\t\t\t<input type=\"text\" id=\"wpforms-8359-field_14\" class=\"wpforms-field-medium wpforms-field-required a\" data-rule-wpf-captcha=\"math\" data-is-wrapped-field=\"1\" name=\"wpforms[fields][14][a]\" aria-errormessage=\"wpforms-8359-field_14-error\" aria-describedby=\"wpforms-8359-field_14-question\" required>\t\t\t\t<input type=\"hidden\" name=\"wpforms[fields][14][cal]\" class=\"cal\">\n\t\t\t\t<input type=\"hidden\" name=\"wpforms[fields][14][n2]\" class=\"n2\">\n\t\t\t\t<input type=\"hidden\" name=\"wpforms[fields][14][n1]\" class=\"n1\">\n\t\t\t<\/div>\n\t\t\t<\/div><div id=\"wpforms-8359-field_16-container\" class=\"wpforms-field wpforms-field-hidden\" data-field-id=\"16\"><input type=\"hidden\" id=\"wpforms-8359-field_16\" name=\"wpforms[fields][16]\" value=\"https:\/\/sumcab.de\/es\/wp-json\/wp\/v2\/pages\/7517\"><\/div><script>\n\t\t\t\t( function() {\n\t\t\t\t\tconst style = document.createElement( 'style' );\n\t\t\t\t\tstyle.appendChild( document.createTextNode( '#wpforms-8359-field_4-container { position: absolute !important; overflow: hidden !important; display: inline !important; height: 1px !important; width: 1px !important; z-index: -1000 !important; padding: 0 !important; } #wpforms-8359-field_4-container input { visibility: hidden; } #wpforms-conversational-form-page #wpforms-8359-field_4-container label { counter-increment: none; }' ) );\n\t\t\t\t\tdocument.head.appendChild( style );\n\t\t\t\t\tdocument.currentScript?.remove();\n\t\t\t\t} )();\n\t\t\t<\/script><\/div><!-- .wpforms-field-container --><div class=\"wpforms-submit-container\" ><input type=\"hidden\" name=\"wpforms[id]\" value=\"8359\"><input type=\"hidden\" name=\"page_title\" value=\"\"><input type=\"hidden\" name=\"page_url\" value=\"https:\/\/sumcab.de\/es\/wp-json\/wp\/v2\/pages\/7517\"><input type=\"hidden\" name=\"url_referer\" value=\"\"><button type=\"submit\" name=\"wpforms[submit]\" id=\"wpforms-submit-8359\" class=\"wpforms-submit\" data-alt-text=\"Enviando...\" data-submit-text=\"Enviar mensaje\" aria-live=\"assertive\" value=\"wpforms-submit\">Enviar mensaje<\/button><img decoding=\"async\" src=\"https:\/\/sumcab.de\/wp-content\/plugins\/wpforms\/assets\/images\/submit-spin.svg\" class=\"wpforms-submit-spinner\" style=\"display: none;\" width=\"26\" height=\"26\" alt=\"Cargando\"><\/div><\/form><\/div>  <!-- .wpforms-container -->\t\t\t\t<\/div>\n\t\t\t\t<\/div>\n\t\t\t\t<\/div>\n\t\t<div class=\"elementor-element elementor-element-eb272e4 e-con-full elementor-hidden-mobile e-flex e-con e-child\" data-id=\"eb272e4\" data-element_type=\"container\" data-e-type=\"container\" data-settings=\"{&quot;background_background&quot;:&quot;classic&quot;,&quot;background_motion_fx_motion_fx_scrolling&quot;:&quot;yes&quot;,&quot;background_motion_fx_translateY_effect&quot;:&quot;yes&quot;,&quot;background_motion_fx_translateY_speed&quot;:{&quot;unit&quot;:&quot;px&quot;,&quot;size&quot;:8.7,&quot;sizes&quot;:[]},&quot;background_motion_fx_translateY_affectedRange&quot;:{&quot;unit&quot;:&quot;%&quot;,&quot;size&quot;:&quot;&quot;,&quot;sizes&quot;:{&quot;start&quot;:0,&quot;end&quot;:100}},&quot;background_motion_fx_devices&quot;:[&quot;desktop&quot;,&quot;tablet&quot;,&quot;mobile&quot;]}\">\n\t\t\t\t<\/div>\n\t\t\t\t\t<\/div>\n\t\t\t\t<\/div>\n\t\t<div class=\"elementor-element elementor-element-94e416d e-flex e-con-boxed e-con e-parent\" data-id=\"94e416d\" data-element_type=\"container\" data-e-type=\"container\" data-settings=\"{&quot;background_background&quot;:&quot;classic&quot;}\">\n\t\t\t\t\t<div class=\"e-con-inner\">\n\t\t<div class=\"elementor-element elementor-element-37f69e6 e-con-full e-flex e-con e-child\" data-id=\"37f69e6\" data-element_type=\"container\" data-e-type=\"container\" data-settings=\"{&quot;background_background&quot;:&quot;classic&quot;}\">\n\t\t\t\t<div class=\"elementor-element elementor-element-d088932 elementor-widget elementor-widget-spacer\" data-id=\"d088932\" data-element_type=\"widget\" data-e-type=\"widget\" data-widget_type=\"spacer.default\">\n\t\t\t\t<div class=\"elementor-widget-container\">\n\t\t\t\t\t\t\t<div class=\"elementor-spacer\">\n\t\t\t<div class=\"elementor-spacer-inner\"><\/div>\n\t\t<\/div>\n\t\t\t\t\t\t<\/div>\n\t\t\t\t<\/div>\n\t\t\t\t<\/div>\n\t\t\t\t\t<\/div>\n\t\t\t\t<\/div>\n\t\t<div class=\"elementor-element elementor-element-bfe566d e-flex e-con-boxed e-con e-parent\" data-id=\"bfe566d\" data-element_type=\"container\" data-e-type=\"container\" data-settings=\"{&quot;background_background&quot;:&quot;classic&quot;}\">\n\t\t\t\t\t<div class=\"e-con-inner\">\n\t\t<div class=\"elementor-element elementor-element-a90aba5 e-con-full fondo_blanco e-flex elementor-invisible e-con e-child\" data-id=\"a90aba5\" data-element_type=\"container\" data-e-type=\"container\" data-settings=\"{&quot;background_background&quot;:&quot;classic&quot;,&quot;animation&quot;:&quot;fadeInLeft&quot;}\">\n\t\t\t\t<div class=\"elementor-element elementor-element-1e9e092 elementor-widget elementor-widget-heading\" data-id=\"1e9e092\" data-element_type=\"widget\" data-e-type=\"widget\" data-widget_type=\"heading.default\">\n\t\t\t\t<div class=\"elementor-widget-container\">\n\t\t\t\t\t<h2 class=\"elementor-heading-title elementor-size-default\">Sumcab <br>Robotics \n<\/h2>\t\t\t\t<\/div>\n\t\t\t\t<\/div>\n\t\t\t\t<div class=\"elementor-element elementor-element-e0adcb2 elementor-widget elementor-widget-text-editor\" data-id=\"e0adcb2\" data-element_type=\"widget\" data-e-type=\"widget\" data-widget_type=\"text-editor.default\">\n\t\t\t\t<div class=\"elementor-widget-container\">\n\t\t\t\t\t\t\t\t\t<p>CENTRO DE PRODUCCI\u00d3N<br>Allmendstra\u00dfe 5\/1<br>74629 Pfedelbach<br>Alemania<\/p><p>T: +49 (0) 7941 646 70 0<br>F: +49 (0) 7941 646 70 10<br><a href=\"m&#97;&#105;&#x6c;&#x74;o:&#105;&#110;&#x66;&#x6f;&#64;s&#117;&#109;&#x63;&#x61;b&#46;&#100;&#x65;\">i&#110;&#102;&#x6f;&#x40;s&#117;&#109;&#x63;&#x61;&#x62;&#46;&#100;&#101;<\/a><\/p>\t\t\t\t\t\t\t\t<\/div>\n\t\t\t\t<\/div>\n\t\t\t\t<\/div>\n\t\t<div class=\"elementor-element elementor-element-2c29a76 e-con-full fondo_blanco e-flex elementor-invisible e-con e-child\" data-id=\"2c29a76\" data-element_type=\"container\" data-e-type=\"container\" data-settings=\"{&quot;background_background&quot;:&quot;classic&quot;,&quot;animation&quot;:&quot;fadeIn&quot;,&quot;animation_delay&quot;:200}\">\n\t\t\t\t<div class=\"elementor-element elementor-element-b64f6d2 elementor-widget elementor-widget-heading\" data-id=\"b64f6d2\" data-element_type=\"widget\" data-e-type=\"widget\" data-widget_type=\"heading.default\">\n\t\t\t\t<div class=\"elementor-widget-container\">\n\t\t\t\t\t<h2 class=\"elementor-heading-title elementor-size-default\">Sumcab <br>Robotics Espa\u00f1a<\/h2>\t\t\t\t<\/div>\n\t\t\t\t<\/div>\n\t\t\t\t<div class=\"elementor-element elementor-element-1311020 elementor-widget elementor-widget-text-editor\" data-id=\"1311020\" data-element_type=\"widget\" data-e-type=\"widget\" data-widget_type=\"text-editor.default\">\n\t\t\t\t<div class=\"elementor-widget-container\">\n\t\t\t\t\t\t\t\t\t<p>Pol\u00edgono Industrial Mol\u00ed dels Frares<br>Calle C n\u00fameros 10 y 12<br>08620 Sant Vicen\u00e7 dels Horts Barcelona &#8211; Espa\u00f1a<\/p><p>T: +34 93 120 55 09<br>F: +34 93 462 79 80<br><a href=\"&#x6d;&#x61;&#x69;&#x6c;&#x74;&#x6f;&#58;&#115;&#117;&#109;cabr&#x6f;&#x62;&#x6f;&#x74;&#x69;&#x63;&#115;&#64;&#115;&#117;&#109;cab&#x2e;&#x63;&#x6f;&#x6d;\">su&#109;&#99;&#97;&#98;&#x72;&#x6f;&#x62;&#x6f;&#x74;ic&#115;&#64;&#115;&#117;&#x6d;&#x63;&#x61;&#x62;&#x2e;co&#109;<\/a><\/p>\t\t\t\t\t\t\t\t<\/div>\n\t\t\t\t<\/div>\n\t\t\t\t<\/div>\n\t\t<div class=\"elementor-element elementor-element-7f203e2 e-con-full fondo_blanco e-flex elementor-invisible e-con e-child\" data-id=\"7f203e2\" data-element_type=\"container\" data-e-type=\"container\" data-settings=\"{&quot;background_background&quot;:&quot;classic&quot;,&quot;animation&quot;:&quot;fadeInRight&quot;,&quot;animation_delay&quot;:400}\">\n\t\t\t\t<div class=\"elementor-element elementor-element-285007a elementor-widget elementor-widget-heading\" data-id=\"285007a\" data-element_type=\"widget\" data-e-type=\"widget\" data-widget_type=\"heading.default\">\n\t\t\t\t<div class=\"elementor-widget-container\">\n\t\t\t\t\t<h2 class=\"elementor-heading-title elementor-size-default\">Sumcab Special<br>Cable Group\n<\/h2>\t\t\t\t<\/div>\n\t\t\t\t<\/div>\n\t\t\t\t<div class=\"elementor-element elementor-element-7f671ce elementor-widget elementor-widget-text-editor\" data-id=\"7f671ce\" data-element_type=\"widget\" data-e-type=\"widget\" data-widget_type=\"text-editor.default\">\n\t\t\t\t<div class=\"elementor-widget-container\">\n\t\t\t\t\t\t\t\t\t<p>Pol. Ind. Pla de LleronaC\/ Gran Bretanya 29<br>08520 Les Franqueses del Vall\u00e8s<br>Barcelona &#8211; Espa\u00f1a  <\/p><p>T: +34 93 462 70 57<br>F: +34 93 462 79 80<br><a href=\"&#x6d;a&#x69;&#108;&#x74;&#111;:&#x73;&#117;&#x6d;&#99;a&#x62;&#64;&#x73;&#117;m&#x63;a&#x62;&#46;&#x63;&#x6f;m\" target=\"_blank\" rel=\"noopener\">&#x73;&#x75;&#x6d;&#x63;&#97;&#98;&#64;su&#x6d;&#x63;&#x61;&#x62;&#x2e;&#99;&#111;&#109;<\/a><\/p>\t\t\t\t\t\t\t\t<\/div>\n\t\t\t\t<\/div>\n\t\t\t\t<\/div>\n\t\t\t\t\t<\/div>\n\t\t\t\t<\/div>\n\t\t<div class=\"elementor-element elementor-element-1a3ee0a e-flex e-con-boxed e-con e-parent\" data-id=\"1a3ee0a\" data-element_type=\"container\" data-e-type=\"container\" data-settings=\"{&quot;background_background&quot;:&quot;classic&quot;}\">\n\t\t\t\t\t<div class=\"e-con-inner\">\n\t\t<div class=\"elementor-element elementor-element-2b40fde e-con-full e-flex e-con e-child\" data-id=\"2b40fde\" data-element_type=\"container\" data-e-type=\"container\" data-settings=\"{&quot;background_background&quot;:&quot;classic&quot;}\">\n\t\t\t\t<div class=\"elementor-element elementor-element-8a46374 elementor-widget elementor-widget-spacer\" data-id=\"8a46374\" data-element_type=\"widget\" data-e-type=\"widget\" data-widget_type=\"spacer.default\">\n\t\t\t\t<div class=\"elementor-widget-container\">\n\t\t\t\t\t\t\t<div class=\"elementor-spacer\">\n\t\t\t<div class=\"elementor-spacer-inner\"><\/div>\n\t\t<\/div>\n\t\t\t\t\t\t<\/div>\n\t\t\t\t<\/div>\n\t\t\t\t<\/div>\n\t\t\t\t\t<\/div>\n\t\t\t\t<\/div>\n\t\t\t\t<\/div>\n\t\t","protected":false},"excerpt":{"rendered":"<p>Cont\u00e1ctanos Please enable JavaScript in your browser to complete this form.Please enable JavaScript in your browser to complete this form. Opci\u00f3n m\u00faltiple Suministro de energ\u00eda y medios Cables Especiales MTPReel &#8211; Sistema de retracci\u00f3n de cables Servicio de mantenimiento Nombre y apellido *Nombre de empresaPa\u00eds *Correo electr\u00f3nico *N\u00famero de tel\u00e9fonoTu mensaje Verificaci\u00f3n * He le\u00eddo [&hellip;]<\/p>\n","protected":false},"author":1,"featured_media":0,"parent":0,"menu_order":0,"comment_status":"closed","ping_status":"closed","template":"","meta":{"_acf_changed":false,"inline_featured_image":false,"footnotes":""},"categories":[],"tags":[],"class_list":["post-7517","page","type-page","status-publish","hentry"],"acf":[],"_links":{"self":[{"href":"https:\/\/sumcab.de\/es\/wp-json\/wp\/v2\/pages\/7517","targetHints":{"allow":["GET"]}}],"collection":[{"href":"https:\/\/sumcab.de\/es\/wp-json\/wp\/v2\/pages"}],"about":[{"href":"https:\/\/sumcab.de\/es\/wp-json\/wp\/v2\/types\/page"}],"author":[{"embeddable":true,"href":"https:\/\/sumcab.de\/es\/wp-json\/wp\/v2\/users\/1"}],"replies":[{"embeddable":true,"href":"https:\/\/sumcab.de\/es\/wp-json\/wp\/v2\/comments?post=7517"}],"version-history":[{"count":10,"href":"https:\/\/sumcab.de\/es\/wp-json\/wp\/v2\/pages\/7517\/revisions"}],"predecessor-version":[{"id":8368,"href":"https:\/\/sumcab.de\/es\/wp-json\/wp\/v2\/pages\/7517\/revisions\/8368"}],"wp:attachment":[{"href":"https:\/\/sumcab.de\/es\/wp-json\/wp\/v2\/media?parent=7517"}],"wp:term":[{"taxonomy":"category","embeddable":true,"href":"https:\/\/sumcab.de\/es\/wp-json\/wp\/v2\/categories?post=7517"},{"taxonomy":"post_tag","embeddable":true,"href":"https:\/\/sumcab.de\/es\/wp-json\/wp\/v2\/tags?post=7517"}],"curies":[{"name":"wp","href":"https:\/\/api.w.org\/{rel}","templated":true}]}}