{"id":7352,"date":"2025-03-14T11:14:01","date_gmt":"2025-03-14T11:14:01","guid":{"rendered":"https:\/\/sumcab.de\/cabecera-inicio\/"},"modified":"2025-08-26T12:23:44","modified_gmt":"2025-08-26T12:23:44","slug":"cabecera-inicio","status":"publish","type":"page","link":"https:\/\/sumcab.de\/es\/cabecera-inicio\/","title":{"rendered":"Cabecera inicio"},"content":{"rendered":"\t\t<div data-elementor-type=\"wp-page\" data-elementor-id=\"7352\" class=\"elementor elementor-7352 elementor-88\" data-elementor-post-type=\"page\">\n\t\t\t\t<div class=\"elementor-element elementor-element-1ca9dba e-con-full e-flex e-con e-parent\" data-id=\"1ca9dba\" data-element_type=\"container\" data-e-type=\"container\" id=\"items_cont\" data-settings=\"{&quot;background_background&quot;:&quot;classic&quot;}\">\n\t\t<div class=\"elementor-element elementor-element-8c5e0d9 e-flex e-con-boxed e-con e-child\" data-id=\"8c5e0d9\" data-element_type=\"container\" data-e-type=\"container\" id=\"items_100_header_blanco\">\n\t\t\t\t\t<div class=\"e-con-inner\">\n\t\t\t\t<div class=\"elementor-element elementor-element-30215f7 elementor-widget elementor-widget-image\" data-id=\"30215f7\" data-element_type=\"widget\" data-e-type=\"widget\" data-widget_type=\"image.default\">\n\t\t\t\t<div class=\"elementor-widget-container\">\n\t\t\t\t\t\t\t\t\t\t\t\t\t\t\t<img fetchpriority=\"high\" decoding=\"async\" width=\"800\" height=\"625\" src=\"https:\/\/sumcab.de\/wp-content\/uploads\/2025\/08\/header_idiomas_icono_blanco-1024x800.webp\" class=\"attachment-large size-large wp-image-7496\" alt=\"\" srcset=\"https:\/\/sumcab.de\/wp-content\/uploads\/2025\/08\/header_idiomas_icono_blanco-1024x800.webp 1024w, https:\/\/sumcab.de\/wp-content\/uploads\/2025\/08\/header_idiomas_icono_blanco-300x234.webp 300w, https:\/\/sumcab.de\/wp-content\/uploads\/2025\/08\/header_idiomas_icono_blanco-768x600.webp 768w, https:\/\/sumcab.de\/wp-content\/uploads\/2025\/08\/header_idiomas_icono_blanco-1536x1200.webp 1536w, https:\/\/sumcab.de\/wp-content\/uploads\/2025\/08\/header_idiomas_icono_blanco-600x469.webp 600w, https:\/\/sumcab.de\/wp-content\/uploads\/2025\/08\/header_idiomas_icono_blanco.webp 2000w\" sizes=\"(max-width: 800px) 100vw, 800px\" \/>\t\t\t\t\t\t\t\t\t\t\t\t\t\t\t<\/div>\n\t\t\t\t<\/div>\n\t\t\t\t\t<\/div>\n\t\t\t\t<\/div>\n\t\t<div class=\"elementor-element elementor-element-60b6da6 e-flex e-con-boxed e-con e-child\" data-id=\"60b6da6\" data-element_type=\"container\" data-e-type=\"container\" id=\"items_100_header\">\n\t\t\t\t\t<div class=\"e-con-inner\">\n\t\t\t\t<div class=\"elementor-element elementor-element-b1d9671 elementor-widget elementor-widget-image\" data-id=\"b1d9671\" data-element_type=\"widget\" data-e-type=\"widget\" data-widget_type=\"image.default\">\n\t\t\t\t<div class=\"elementor-widget-container\">\n\t\t\t\t\t\t\t\t\t\t\t\t\t\t\t<img decoding=\"async\" width=\"800\" height=\"625\" src=\"https:\/\/sumcab.de\/wp-content\/uploads\/2025\/08\/header_idiomas_icono_blanco_es_3-1024x800.webp\" class=\"attachment-large size-large wp-image-7511\" alt=\"\" srcset=\"https:\/\/sumcab.de\/wp-content\/uploads\/2025\/08\/header_idiomas_icono_blanco_es_3-1024x800.webp 1024w, https:\/\/sumcab.de\/wp-content\/uploads\/2025\/08\/header_idiomas_icono_blanco_es_3-300x234.webp 300w, https:\/\/sumcab.de\/wp-content\/uploads\/2025\/08\/header_idiomas_icono_blanco_es_3-768x600.webp 768w, https:\/\/sumcab.de\/wp-content\/uploads\/2025\/08\/header_idiomas_icono_blanco_es_3-1536x1200.webp 1536w, https:\/\/sumcab.de\/wp-content\/uploads\/2025\/08\/header_idiomas_icono_blanco_es_3-600x469.webp 600w, https:\/\/sumcab.de\/wp-content\/uploads\/2025\/08\/header_idiomas_icono_blanco_es_3.webp 2000w\" sizes=\"(max-width: 800px) 100vw, 800px\" \/>\t\t\t\t\t\t\t\t\t\t\t\t\t\t\t<\/div>\n\t\t\t\t<\/div>\n\t\t\t\t\t<\/div>\n\t\t\t\t<\/div>\n\t\t<div class=\"elementor-element elementor-element-c6bfc71 dresspack e-flex e-con-boxed e-con e-child\" data-id=\"c6bfc71\" data-element_type=\"container\" data-e-type=\"container\" id=\"img-item1\">\n\t\t\t\t\t<div class=\"e-con-inner\">\n\t\t\t\t<div class=\"elementor-element elementor-element-94393a6 elementor-widget elementor-widget-image\" data-id=\"94393a6\" data-element_type=\"widget\" data-e-type=\"widget\" id=\"dresspack_header\" data-widget_type=\"image.default\">\n\t\t\t\t<div class=\"elementor-widget-container\">\n\t\t\t\t\t\t\t\t\t\t\t\t\t\t\t<img decoding=\"async\" width=\"800\" height=\"625\" src=\"https:\/\/sumcab.de\/wp-content\/uploads\/2025\/03\/key-visual-items-ok-67d4572ded4ba-1024x800.webp\" class=\"attachment-large size-large wp-image-253\" alt=\"\" srcset=\"https:\/\/sumcab.de\/wp-content\/uploads\/2025\/03\/key-visual-items-ok-67d4572ded4ba-1024x800.webp 1024w, https:\/\/sumcab.de\/wp-content\/uploads\/2025\/03\/key-visual-items-ok-67d4572ded4ba-300x234.webp 300w, https:\/\/sumcab.de\/wp-content\/uploads\/2025\/03\/key-visual-items-ok-67d4572ded4ba-768x600.webp 768w, https:\/\/sumcab.de\/wp-content\/uploads\/2025\/03\/key-visual-items-ok-67d4572ded4ba-1536x1200.webp 1536w, https:\/\/sumcab.de\/wp-content\/uploads\/2025\/03\/key-visual-items-ok-67d4572ded4ba-600x469.webp 600w, https:\/\/sumcab.de\/wp-content\/uploads\/2025\/03\/key-visual-items-ok-67d4572ded4ba.webp 2000w\" sizes=\"(max-width: 800px) 100vw, 800px\" \/>\t\t\t\t\t\t\t\t\t\t\t\t\t\t\t<\/div>\n\t\t\t\t<\/div>\n\t\t\t\t\t<\/div>\n\t\t\t\t<\/div>\n\t\t<div class=\"elementor-element elementor-element-a89f173 mptreel e-flex e-con-boxed e-con e-child\" data-id=\"a89f173\" data-element_type=\"container\" data-e-type=\"container\" id=\"img-item2\">\n\t\t\t\t\t<div class=\"e-con-inner\">\n\t\t\t\t<div class=\"elementor-element elementor-element-556b0c1 elementor-widget elementor-widget-image\" data-id=\"556b0c1\" data-element_type=\"widget\" data-e-type=\"widget\" id=\"cmtp_reel_header\" data-widget_type=\"image.default\">\n\t\t\t\t<div class=\"elementor-widget-container\">\n\t\t\t\t\t\t\t\t\t\t\t\t\t\t\t<img loading=\"lazy\" decoding=\"async\" width=\"800\" height=\"625\" src=\"https:\/\/sumcab.de\/wp-content\/uploads\/2025\/03\/mtp-reel-ok-67d4572ca3e08-1024x800.webp\" class=\"attachment-large size-large wp-image-257\" alt=\"\" srcset=\"https:\/\/sumcab.de\/wp-content\/uploads\/2025\/03\/mtp-reel-ok-67d4572ca3e08-1024x800.webp 1024w, https:\/\/sumcab.de\/wp-content\/uploads\/2025\/03\/mtp-reel-ok-67d4572ca3e08-300x234.webp 300w, https:\/\/sumcab.de\/wp-content\/uploads\/2025\/03\/mtp-reel-ok-67d4572ca3e08-768x600.webp 768w, https:\/\/sumcab.de\/wp-content\/uploads\/2025\/03\/mtp-reel-ok-67d4572ca3e08-1536x1200.webp 1536w, https:\/\/sumcab.de\/wp-content\/uploads\/2025\/03\/mtp-reel-ok-67d4572ca3e08-600x469.webp 600w, https:\/\/sumcab.de\/wp-content\/uploads\/2025\/03\/mtp-reel-ok-67d4572ca3e08.webp 2000w\" sizes=\"(max-width: 800px) 100vw, 800px\" \/>\t\t\t\t\t\t\t\t\t\t\t\t\t\t\t<\/div>\n\t\t\t\t<\/div>\n\t\t\t\t\t<\/div>\n\t\t\t\t<\/div>\n\t\t<div class=\"elementor-element elementor-element-f42a7c0 cables e-flex e-con-boxed e-con e-child\" data-id=\"f42a7c0\" data-element_type=\"container\" data-e-type=\"container\" id=\"img-item3\">\n\t\t\t\t\t<div class=\"e-con-inner\">\n\t\t\t\t<div class=\"elementor-element elementor-element-6d02a09 elementor-widget elementor-widget-image\" data-id=\"6d02a09\" data-element_type=\"widget\" data-e-type=\"widget\" id=\"cables_header\" data-widget_type=\"image.default\">\n\t\t\t\t<div class=\"elementor-widget-container\">\n\t\t\t\t\t\t\t\t\t\t\t\t\t\t\t<img loading=\"lazy\" decoding=\"async\" width=\"800\" height=\"625\" src=\"https:\/\/sumcab.de\/wp-content\/uploads\/2025\/03\/cables-ok-2-67d457300face-1024x800.webp\" class=\"attachment-large size-large wp-image-255\" alt=\"\" srcset=\"https:\/\/sumcab.de\/wp-content\/uploads\/2025\/03\/cables-ok-2-67d457300face-1024x800.webp 1024w, https:\/\/sumcab.de\/wp-content\/uploads\/2025\/03\/cables-ok-2-67d457300face-300x234.webp 300w, https:\/\/sumcab.de\/wp-content\/uploads\/2025\/03\/cables-ok-2-67d457300face-768x600.webp 768w, https:\/\/sumcab.de\/wp-content\/uploads\/2025\/03\/cables-ok-2-67d457300face-1536x1200.webp 1536w, https:\/\/sumcab.de\/wp-content\/uploads\/2025\/03\/cables-ok-2-67d457300face-600x469.webp 600w, https:\/\/sumcab.de\/wp-content\/uploads\/2025\/03\/cables-ok-2-67d457300face.webp 2000w\" sizes=\"(max-width: 800px) 100vw, 800px\" \/>\t\t\t\t\t\t\t\t\t\t\t\t\t\t\t<\/div>\n\t\t\t\t<\/div>\n\t\t\t\t\t<\/div>\n\t\t\t\t<\/div>\n\t\t<div class=\"elementor-element elementor-element-a426d8b icono e-flex e-con-boxed e-con e-child\" data-id=\"a426d8b\" data-element_type=\"container\" data-e-type=\"container\" id=\"img-item4\">\n\t\t\t\t\t<div class=\"e-con-inner\">\n\t\t\t\t<div class=\"elementor-element elementor-element-926077d elementor-widget elementor-widget-image\" data-id=\"926077d\" data-element_type=\"widget\" data-e-type=\"widget\" id=\"icono_header\" data-widget_type=\"image.default\">\n\t\t\t\t<div class=\"elementor-widget-container\">\n\t\t\t\t\t\t\t\t\t\t\t\t\t\t\t<img loading=\"lazy\" decoding=\"async\" width=\"800\" height=\"625\" src=\"https:\/\/sumcab.de\/wp-content\/uploads\/2025\/08\/header_idiomas_icono_es_azul-1024x800.webp\" class=\"attachment-large size-large wp-image-7499\" alt=\"\" srcset=\"https:\/\/sumcab.de\/wp-content\/uploads\/2025\/08\/header_idiomas_icono_es_azul-1024x800.webp 1024w, https:\/\/sumcab.de\/wp-content\/uploads\/2025\/08\/header_idiomas_icono_es_azul-300x234.webp 300w, https:\/\/sumcab.de\/wp-content\/uploads\/2025\/08\/header_idiomas_icono_es_azul-768x600.webp 768w, https:\/\/sumcab.de\/wp-content\/uploads\/2025\/08\/header_idiomas_icono_es_azul-1536x1200.webp 1536w, https:\/\/sumcab.de\/wp-content\/uploads\/2025\/08\/header_idiomas_icono_es_azul-600x469.webp 600w, https:\/\/sumcab.de\/wp-content\/uploads\/2025\/08\/header_idiomas_icono_es_azul.webp 2000w\" sizes=\"(max-width: 800px) 100vw, 800px\" \/>\t\t\t\t\t\t\t\t\t\t\t\t\t\t\t<\/div>\n\t\t\t\t<\/div>\n\t\t\t\t\t<\/div>\n\t\t\t\t<\/div>\n\t\t\t\t<\/div>\n\t\t<div class=\"elementor-element elementor-element-fcb7de6 e-flex e-con-boxed e-con e-parent\" data-id=\"fcb7de6\" data-element_type=\"container\" data-e-type=\"container\" id=\"menu_container_header\">\n\t\t\t\t\t<div class=\"e-con-inner\">\n\t\t<div class=\"elementor-element elementor-element-ba90874 e-con-full e-flex e-con e-child\" data-id=\"ba90874\" data-element_type=\"container\" data-e-type=\"container\" id=\"menu_title_cont\">\n\t\t<div class=\"elementor-element elementor-element-c23fd0a e-con-full e-flex elementor-invisible e-con e-child\" data-id=\"c23fd0a\" data-element_type=\"container\" data-e-type=\"container\" data-settings=\"{&quot;background_background&quot;:&quot;classic&quot;,&quot;animation&quot;:&quot;fadeInDown&quot;}\">\n\t\t<div class=\"elementor-element elementor-element-2034727 e-con-full e-flex e-con e-child\" data-id=\"2034727\" data-element_type=\"container\" data-e-type=\"container\">\n\t\t\t\t<div class=\"elementor-element elementor-element-9fe94c4 elementor-widget elementor-widget-text-editor\" data-id=\"9fe94c4\" data-element_type=\"widget\" data-e-type=\"widget\" data-widget_type=\"text-editor.default\">\n\t\t\t\t<div class=\"elementor-widget-container\">\n\t\t\t\t\t\t\t\t\t<p>Saber m\u00e1s<\/p>\t\t\t\t\t\t\t\t<\/div>\n\t\t\t\t<\/div>\n\t\t\t\t<\/div>\n\t\t<div class=\"elementor-element elementor-element-a586cb6 e-con-full e-flex e-con e-child\" data-id=\"a586cb6\" data-element_type=\"container\" data-e-type=\"container\">\n\t\t\t\t<div class=\"elementor-element elementor-element-e447fab elementor-widget elementor-widget-button\" data-id=\"e447fab\" data-element_type=\"widget\" data-e-type=\"widget\" data-widget_type=\"button.default\">\n\t\t\t\t<div class=\"elementor-widget-container\">\n\t\t\t\t\t\t\t\t\t<div class=\"elementor-button-wrapper\">\n\t\t\t\t\t<a class=\"elementor-button elementor-button-link elementor-size-sm elementor-animation-shrink\" href=\"https:\/\/sumcab.de\/es\/contacto\/\">\n\t\t\t\t\t\t<span class=\"elementor-button-content-wrapper\">\n\t\t\t\t\t\t\t\t\t<span class=\"elementor-button-text\">Contacta con nosotros<\/span>\n\t\t\t\t\t<\/span>\n\t\t\t\t\t<\/a>\n\t\t\t\t<\/div>\n\t\t\t\t\t\t\t\t<\/div>\n\t\t\t\t<\/div>\n\t\t\t\t<\/div>\n\t\t\t\t<\/div>\n\t\t<div class=\"elementor-element elementor-element-bc56c6b e-con-full e-flex elementor-invisible e-con e-child\" data-id=\"bc56c6b\" data-element_type=\"container\" data-e-type=\"container\" data-settings=\"{&quot;animation&quot;:&quot;fadeIn&quot;,&quot;animation_delay&quot;:700}\">\n\t\t\t\t<div class=\"elementor-element elementor-element-f7955aa elementor-hidden-mobile elementor-widget elementor-widget-heading\" data-id=\"f7955aa\" data-element_type=\"widget\" data-e-type=\"widget\" id=\"title_banner\" data-widget_type=\"heading.default\">\n\t\t\t\t<div class=\"elementor-widget-container\">\n\t\t\t\t\t<h2 class=\"elementor-heading-title elementor-size-default\">El peque\u00f1o cambio que <br> lo cambia  <br>todo <br><\/h2>\t\t\t\t<\/div>\n\t\t\t\t<\/div>\n\t\t\t\t<div class=\"elementor-element elementor-element-405e6c6 elementor-hidden-desktop elementor-hidden-tablet elementor-widget elementor-widget-heading\" data-id=\"405e6c6\" data-element_type=\"widget\" data-e-type=\"widget\" id=\"title_banner_resp\" data-widget_type=\"heading.default\">\n\t\t\t\t<div class=\"elementor-widget-container\">\n\t\t\t\t\t<h2 class=\"elementor-heading-title elementor-size-default\">El peque\u00f1o cambio <br>que lo cambia todo<\/h2>\t\t\t\t<\/div>\n\t\t\t\t<\/div>\n\t\t\t\t<div class=\"elementor-element elementor-element-727468e elementor-widget elementor-widget-text-editor\" data-id=\"727468e\" data-element_type=\"widget\" data-e-type=\"widget\" data-widget_type=\"text-editor.default\">\n\t\t\t\t<div class=\"elementor-widget-container\">\n\t\t\t\t\t\t\t\t\t<p>Soluciones innovadoras<br>para los perif\u00e9ricos de tu robot<\/p>\t\t\t\t\t\t\t\t<\/div>\n\t\t\t\t<\/div>\n\t\t\t\t<\/div>\n\t\t\t\t<\/div>\n\t\t\t\t<div class=\"elementor-element elementor-element-ae8f36d elementor-widget elementor-widget-text-editor\" data-id=\"ae8f36d\" data-element_type=\"widget\" data-e-type=\"widget\" data-widget_type=\"text-editor.default\">\n\t\t\t\t<div class=\"elementor-widget-container\">\n\t\t\t\t\t\t\t\t\t<div id=\"header_cont_img_text\" class=\"header_cont_txt_items\">\n<div class=\"header_intems_cont\">\n<div id=\"item1\" class=\"header_intem_cont_item\">\n<div class=\"header_item_cont_title\">Sistemas Dresspack<\/div>\n<div class=\"header_item_cont_text\">Gu\u00eda de montaje de cables adecuada\ntambi\u00e9n para aplicaciones de robots exigentes\n<\/div>\n<\/div>\n<div id=\"item2\" class=\"header_intem_cont_item\">\n<div class=\"header_item_cont_title\">Sistemas de enrollado de cable MTPReel<\/div>\n<div class=\"header_item_cont_text\">Almacenamiento seguro y cuidadoso de los cables de conexi\u00f3n\nde los microtel\u00e9fonos de programaci\u00f3n<\/div>\n<\/div>\n<div id=\"item3\" class=\"header_intem_cont_item\">\n<div class=\"header_item_cont_title\">Cable especial para robots<\/div>\n<div class=\"header_item_cont_text\">Suministro fiable y\ncables de datos para rob\u00f3tica, desde art\u00edculos de patio hasta soluciones personalizadas\n<\/div>\n<\/div>\n<div id=\"item4\" class=\"header_intem_cont_item\">\n<div class=\"header_item_cont_title\">Optimizaci\u00f3n, mantenimiento y reparaci\u00f3n<\/div>\n<div class=\"header_item_cont_text\">Expertos experimentados y\nservicio individual para los perif\u00e9ricos de tu robot<\/div>\n<\/div>\n<\/div>\n<\/div>\t\t\t\t\t\t\t\t<\/div>\n\t\t\t\t<\/div>\n\t\t\t\t\t<\/div>\n\t\t\t\t<\/div>\n\t\t\t\t<\/div>\n\t\t","protected":false},"excerpt":{"rendered":"<p>Saber m\u00e1s Contacta con nosotros El peque\u00f1o cambio que lo cambia todo El peque\u00f1o cambio que lo cambia todo Soluciones innovadoraspara los perif\u00e9ricos de tu robot Sistemas Dresspack Gu\u00eda de montaje de cables adecuada tambi\u00e9n para aplicaciones de robots exigentes Sistemas de enrollado de cable MTPReel Almacenamiento seguro y cuidadoso de los cables de conexi\u00f3n [&hellip;]<\/p>\n","protected":false},"author":1,"featured_media":0,"parent":0,"menu_order":0,"comment_status":"closed","ping_status":"closed","template":"","meta":{"_acf_changed":false,"inline_featured_image":false,"footnotes":""},"categories":[],"tags":[],"class_list":["post-7352","page","type-page","status-publish","hentry"],"acf":[],"_links":{"self":[{"href":"https:\/\/sumcab.de\/es\/wp-json\/wp\/v2\/pages\/7352","targetHints":{"allow":["GET"]}}],"collection":[{"href":"https:\/\/sumcab.de\/es\/wp-json\/wp\/v2\/pages"}],"about":[{"href":"https:\/\/sumcab.de\/es\/wp-json\/wp\/v2\/types\/page"}],"author":[{"embeddable":true,"href":"https:\/\/sumcab.de\/es\/wp-json\/wp\/v2\/users\/1"}],"replies":[{"embeddable":true,"href":"https:\/\/sumcab.de\/es\/wp-json\/wp\/v2\/comments?post=7352"}],"version-history":[{"count":10,"href":"https:\/\/sumcab.de\/es\/wp-json\/wp\/v2\/pages\/7352\/revisions"}],"predecessor-version":[{"id":7516,"href":"https:\/\/sumcab.de\/es\/wp-json\/wp\/v2\/pages\/7352\/revisions\/7516"}],"wp:attachment":[{"href":"https:\/\/sumcab.de\/es\/wp-json\/wp\/v2\/media?parent=7352"}],"wp:term":[{"taxonomy":"category","embeddable":true,"href":"https:\/\/sumcab.de\/es\/wp-json\/wp\/v2\/categories?post=7352"},{"taxonomy":"post_tag","embeddable":true,"href":"https:\/\/sumcab.de\/es\/wp-json\/wp\/v2\/tags?post=7352"}],"curies":[{"name":"wp","href":"https:\/\/api.w.org\/{rel}","templated":true}]}}