{"id":7269,"date":"2025-06-10T11:16:25","date_gmt":"2025-06-10T11:16:25","guid":{"rendered":"https:\/\/sumcab.de\/aviso-de-privacidad-para-solicitantes\/"},"modified":"2025-07-30T10:56:30","modified_gmt":"2025-07-30T10:56:30","slug":"aviso-de-privacidad-para-solicitantes","status":"publish","type":"page","link":"https:\/\/sumcab.de\/es\/aviso-de-privacidad-para-solicitantes\/","title":{"rendered":"Aviso de privacidad para solicitantes"},"content":{"rendered":"\t\t<div data-elementor-type=\"wp-page\" data-elementor-id=\"7269\" class=\"elementor elementor-7269 elementor-5563\" data-elementor-post-type=\"page\">\n\t\t\t\t<div class=\"elementor-element elementor-element-8c096eb e-flex e-con-boxed e-con e-parent\" data-id=\"8c096eb\" data-element_type=\"container\" data-e-type=\"container\">\n\t\t\t\t\t<div class=\"e-con-inner\">\n\t\t<div class=\"elementor-element elementor-element-44532a6 e-con-full e-flex elementor-invisible e-con e-child\" data-id=\"44532a6\" data-element_type=\"container\" data-e-type=\"container\" data-settings=\"{&quot;background_background&quot;:&quot;classic&quot;,&quot;animation&quot;:&quot;fadeInDown&quot;}\">\n\t\t<div class=\"elementor-element elementor-element-db0b681 e-con-full e-flex e-con e-child\" data-id=\"db0b681\" data-element_type=\"container\" data-e-type=\"container\">\n\t\t\t\t<div class=\"elementor-element elementor-element-6ca76ba elementor-widget elementor-widget-text-editor\" data-id=\"6ca76ba\" data-element_type=\"widget\" data-e-type=\"widget\" data-widget_type=\"text-editor.default\">\n\t\t\t\t<div class=\"elementor-widget-container\">\n\t\t\t\t\t\t\t\t\t<p>Ver m\u00e1s<\/p>\t\t\t\t\t\t\t\t<\/div>\n\t\t\t\t<\/div>\n\t\t\t\t<\/div>\n\t\t<div class=\"elementor-element elementor-element-21ee3c4 e-con-full e-flex e-con e-child\" data-id=\"21ee3c4\" data-element_type=\"container\" data-e-type=\"container\">\n\t\t\t\t<div class=\"elementor-element elementor-element-8ff44e6 elementor-widget elementor-widget-button\" data-id=\"8ff44e6\" data-element_type=\"widget\" data-e-type=\"widget\" data-widget_type=\"button.default\">\n\t\t\t\t<div class=\"elementor-widget-container\">\n\t\t\t\t\t\t\t\t\t<div class=\"elementor-button-wrapper\">\n\t\t\t\t\t<a class=\"elementor-button elementor-button-link elementor-size-sm elementor-animation-shrink\" href=\"https:\/\/sumcab.de\/es\/contacto\/\">\n\t\t\t\t\t\t<span class=\"elementor-button-content-wrapper\">\n\t\t\t\t\t\t\t\t\t<span class=\"elementor-button-text\">Contacta con nosotros<\/span>\n\t\t\t\t\t<\/span>\n\t\t\t\t\t<\/a>\n\t\t\t\t<\/div>\n\t\t\t\t\t\t\t\t<\/div>\n\t\t\t\t<\/div>\n\t\t\t\t<\/div>\n\t\t\t\t<\/div>\n\t\t\t\t\t<\/div>\n\t\t\t\t<\/div>\n\t\t<div class=\"elementor-element elementor-element-5766f2a e-flex e-con-boxed e-con e-parent\" data-id=\"5766f2a\" data-element_type=\"container\" data-e-type=\"container\">\n\t\t\t\t\t<div class=\"e-con-inner\">\n\t\t<div class=\"elementor-element elementor-element-df1b34d e-con-full e-flex e-con e-child\" data-id=\"df1b34d\" data-element_type=\"container\" data-e-type=\"container\">\n\t\t\t\t<div class=\"elementor-element elementor-element-72fc114 fra elementor-widget elementor-widget-heading\" data-id=\"72fc114\" data-element_type=\"widget\" data-e-type=\"widget\" data-widget_type=\"heading.default\">\n\t\t\t\t<div class=\"elementor-widget-container\">\n\t\t\t\t\t<h2 class=\"elementor-heading-title elementor-size-default\">Aviso de privacidad\npara solicitantes<\/h2>\t\t\t\t<\/div>\n\t\t\t\t<\/div>\n\t\t\t\t<\/div>\n\t\t<div class=\"elementor-element elementor-element-3ae38c1 e-con-full e-flex e-con e-child\" data-id=\"3ae38c1\" data-element_type=\"container\" data-e-type=\"container\">\n\t\t\t\t<div class=\"elementor-element elementor-element-1e149fe elementor-invisible elementor-widget elementor-widget-image\" data-id=\"1e149fe\" data-element_type=\"widget\" data-e-type=\"widget\" data-settings=\"{&quot;_animation&quot;:&quot;fadeInDown&quot;}\" data-widget_type=\"image.default\">\n\t\t\t\t<div class=\"elementor-widget-container\">\n\t\t\t\t\t\t\t\t\t\t\t\t\t\t\t<img fetchpriority=\"high\" decoding=\"async\" width=\"400\" height=\"414\" src=\"https:\/\/sumcab.de\/wp-content\/uploads\/2025\/06\/Impressum_img.webp\" class=\"attachment-large size-large wp-image-1731\" alt=\"\" srcset=\"https:\/\/sumcab.de\/wp-content\/uploads\/2025\/06\/Impressum_img.webp 400w, https:\/\/sumcab.de\/wp-content\/uploads\/2025\/06\/Impressum_img-290x300.webp 290w\" sizes=\"(max-width: 400px) 100vw, 400px\" \/>\t\t\t\t\t\t\t\t\t\t\t\t\t\t\t<\/div>\n\t\t\t\t<\/div>\n\t\t\t\t<\/div>\n\t\t\t\t\t<\/div>\n\t\t\t\t<\/div>\n\t\t<div class=\"elementor-element elementor-element-19b881a e-flex e-con-boxed e-con e-parent\" data-id=\"19b881a\" data-element_type=\"container\" data-e-type=\"container\">\n\t\t\t\t\t<div class=\"e-con-inner\">\n\t\t\t\t<div class=\"elementor-element elementor-element-ed733a5 elementor-widget elementor-widget-text-editor\" data-id=\"ed733a5\" data-element_type=\"widget\" data-e-type=\"widget\" data-widget_type=\"text-editor.default\">\n\t\t\t\t<div class=\"elementor-widget-container\">\n\t\t\t\t\t\t\t\t\t<p><strong>Aviso de privacidad para solicitantes<\/strong><br><strong>Informaci\u00f3n de privacidad para solicitantes<\/strong><\/p><p>A continuaci\u00f3n le informamos, conforme al art. 13 del Reglamento General de Protecci\u00f3n de Datos (RGPD), sobre la recopilaci\u00f3n de datos personales en el marco del proceso de selecci\u00f3n para un posible empleo en nuestra empresa.<\/p><p><strong>\u00bfQui\u00e9n es el responsable del tratamiento de los datos?<br><\/strong>El responsable en el sentido de la normativa de protecci\u00f3n de datos es:<\/p><p><strong>SUMCAB Specialcable GmbH<\/strong><br>Allmendstr. 5\/1<br>74629 Pfedelbach <\/p><p> <\/p><p><strong>\u00bfQu\u00e9 datos suyos tratamos y con qu\u00e9 fines? <br><\/strong>Los documentos de solicitud deben aportar informaci\u00f3n sobre si, y en qu\u00e9 medida, una persona solicitante es apta para el puesto ofertado. Por lo tanto, una solicitud significativa debe incluir, adem\u00e1s de los datos de direcci\u00f3n y contacto, la carta de motivaci\u00f3n, el curr\u00edculum vitae, as\u00ed como los certificados de formaci\u00f3n y cualificaci\u00f3n y los certificados escolares o laborales relacionados con el puesto anunciado. <\/p><p>La finalidad de la recopilaci\u00f3n de datos es poder realizar un examen leg\u00edtimo de su solicitud en el marco del proceso de selecci\u00f3n. Para ello, almacenamos todos los datos que usted nos facilite en el marco de su candidatura. Con base en los datos proporcionados durante el proceso de solicitud, evaluamos si podemos invitarle a una entrevista como parte del proceso de selecci\u00f3n.  <\/p><p><strong>\u00bfEn qu\u00e9 base legal se fundamenta esto?<br><\/strong>Las bases legales para la recopilaci\u00f3n y el tratamiento de los datos son:<br>Art. 6, apartado 1, frase 1, letra b del RGPD<br>Art. 9, apartado 2, letras b y h del RGPD<br>Art. 88, apartado 1 del RGPD.  <\/p><p> <\/p><p><strong>\u00bfDurante cu\u00e1nto tiempo se almacenan los datos?<br><\/strong>Los datos personales obtenidos durante el proceso de selecci\u00f3n se almacenan como m\u00e1ximo durante 6 meses. En caso de que la candidatura no tenga \u00e9xito o se retire, eliminaremos los datos proporcionados en el marco de la solicitud transcurridos 6 meses desde la notificaci\u00f3n de la denegaci\u00f3n. La conservaci\u00f3n durante este plazo es necesaria por razones legales en caso de posibles reclamaciones. Si su candidatura resulta de inter\u00e9s para una contrataci\u00f3n, se le informar\u00e1 por separado sobre los datos personales que se recoger\u00e1n durante el proceso de contrataci\u00f3n.   <\/p><p> <\/p><p><strong>\u00bfA qu\u00e9 destinatarios se comunican los datos?<br><\/strong>En el marco del proceso de selecci\u00f3n, los datos de los candidatos solo son consultados o tratados por las personas que participan en el procedimiento de contrataci\u00f3n. Esto incluye al personal de recursos humanos y a los responsables que deciden sobre la contrataci\u00f3n. <\/p><p>En el caso de personas con discapacidad reconocida, tambi\u00e9n se involucra la representaci\u00f3n de personas con discapacidad conforme a la normativa legal. Si se llega a realizar una entrevista, los documentos de candidatura se pondr\u00e1n a disposici\u00f3n de todos los participantes en la misma. Sus datos no se transmitir\u00e1n ni se pondr\u00e1n a disposici\u00f3n de terceros m\u00e1s all\u00e1 de esto.  <\/p><p> <\/p><p><strong>\u00bfD\u00f3nde se procesan los datos?<br><\/strong>Los datos se procesan exclusivamente en sistemas inform\u00e1ticos dedicados ubicados en nuestra sala de servidores. Adem\u00e1s de los administradores, solo tienen acceso a estos sistemas los miembros del departamento de personal y la direcci\u00f3n de la empresa. <\/p><p><strong>Sus derechos como persona interesada<br><\/strong>Usted tiene derecho a solicitar informaci\u00f3n sobre los datos personales que tratamos sobre su persona.<\/p><p>Asimismo, tiene derecho a solicitar la rectificaci\u00f3n o supresi\u00f3n de dichos datos, o la limitaci\u00f3n de su tratamiento, en la medida en que la ley lo permita.<\/p><p>Igualmente, tiene derecho a oponerse al tratamiento dentro del marco de las disposiciones legales. Lo mismo se aplica al derecho a la portabilidad de los datos.<\/p><p> <\/p><p><strong>Nuestra responsable de protecci\u00f3n de datos<\/strong><br>Puede contactar con nuestra responsable de protecci\u00f3n de datos en la empresa en:<\/p><p><strong>Wegner Safety &amp; Security<\/strong><br>Viktor Wegner<br>\u00c4spelesweg 14<br>74575 Schrozberg<br>Correo electr\u00f3nico: <strong>&#x64;&#97;t&#x65;&#x6e;&#115;c&#x68;&#117;t&#x7a;&#x40;&#119;e&#x67;&#110;e&#x72;&#x2d;&#115;i&#x63;&#x68;&#101;&#x72;&#x68;&#101;i&#x74;&#x2e;&#100;e<\/strong><\/p><p> <\/p><p><strong>Derecho de reclamaci\u00f3n<\/strong><br>Tiene derecho a presentar una reclamaci\u00f3n ante una autoridad de control en materia de protecci\u00f3n de datos sobre el tratamiento de sus datos personales por nuestra parte.<\/p><p> <\/p><p><strong>Delegado de Protecci\u00f3n de Datos y Libertad de Informaci\u00f3n del Estado de Baden-W\u00fcrttemberg<\/strong><br>K\u00f6nigstrasse 10a<br>70173 Stuttgart<\/p><p> <\/p><p><strong>Direcci\u00f3n postal:<\/strong><br>Apartado de correos 10 29 32<br>70025 Stuttgart<br>Tel.: 0711 \/ 615541-0<br>Correo electr\u00f3nico: <strong>&#x70;&#111;s&#x74;&#x73;&#116;e&#x6c;&#x6c;&#101;&#64;&#x6c;&#x66;&#100;i&#x2e;&#x62;&#119;l&#x2e;&#100;&#101;<\/strong><\/p><p>Elaborado por:<br>\u00a9 IT Law Firm DURY \u2013 <a href=\"http:\/\/www.dury.de\">www.dury.de<\/a><br>\u00a9 Website-Check GmbH \u2013 <a href=\"http:\/\/www.website-check.de\">www.website-check.de<\/a><\/p>\t\t\t\t\t\t\t\t<\/div>\n\t\t\t\t<\/div>\n\t\t\t\t\t<\/div>\n\t\t\t\t<\/div>\n\t\t<div class=\"elementor-element elementor-element-fdd72a1 e-flex e-con-boxed e-con e-parent\" data-id=\"fdd72a1\" data-element_type=\"container\" data-e-type=\"container\">\n\t\t\t\t\t<div class=\"e-con-inner\">\n\t\t\t\t\t<\/div>\n\t\t\t\t<\/div>\n\t\t<div class=\"elementor-element elementor-element-731349b e-flex e-con-boxed e-con e-parent\" data-id=\"731349b\" data-element_type=\"container\" data-e-type=\"container\">\n\t\t\t\t\t<div class=\"e-con-inner\">\n\t\t\t\t<div class=\"elementor-element elementor-element-c224773 elementor-widget elementor-widget-spacer\" data-id=\"c224773\" data-element_type=\"widget\" data-e-type=\"widget\" data-widget_type=\"spacer.default\">\n\t\t\t\t<div class=\"elementor-widget-container\">\n\t\t\t\t\t\t\t<div class=\"elementor-spacer\">\n\t\t\t<div class=\"elementor-spacer-inner\"><\/div>\n\t\t<\/div>\n\t\t\t\t\t\t<\/div>\n\t\t\t\t<\/div>\n\t\t\t\t\t<\/div>\n\t\t\t\t<\/div>\n\t\t\t\t<\/div>\n\t\t","protected":false},"excerpt":{"rendered":"<p>Ver m\u00e1s Contacta con nosotros Aviso de privacidad para solicitantes Aviso de privacidad para solicitantesInformaci\u00f3n de privacidad para solicitantes A continuaci\u00f3n le informamos, conforme al art. 13 del Reglamento General de Protecci\u00f3n de Datos (RGPD), sobre la recopilaci\u00f3n de datos personales en el marco del proceso de selecci\u00f3n para un posible empleo en nuestra empresa. [&hellip;]<\/p>\n","protected":false},"author":1,"featured_media":0,"parent":0,"menu_order":0,"comment_status":"closed","ping_status":"closed","template":"","meta":{"_acf_changed":false,"inline_featured_image":false,"footnotes":""},"categories":[],"tags":[],"class_list":["post-7269","page","type-page","status-publish","hentry"],"acf":[],"_links":{"self":[{"href":"https:\/\/sumcab.de\/es\/wp-json\/wp\/v2\/pages\/7269","targetHints":{"allow":["GET"]}}],"collection":[{"href":"https:\/\/sumcab.de\/es\/wp-json\/wp\/v2\/pages"}],"about":[{"href":"https:\/\/sumcab.de\/es\/wp-json\/wp\/v2\/types\/page"}],"author":[{"embeddable":true,"href":"https:\/\/sumcab.de\/es\/wp-json\/wp\/v2\/users\/1"}],"replies":[{"embeddable":true,"href":"https:\/\/sumcab.de\/es\/wp-json\/wp\/v2\/comments?post=7269"}],"version-history":[{"count":3,"href":"https:\/\/sumcab.de\/es\/wp-json\/wp\/v2\/pages\/7269\/revisions"}],"predecessor-version":[{"id":7272,"href":"https:\/\/sumcab.de\/es\/wp-json\/wp\/v2\/pages\/7269\/revisions\/7272"}],"wp:attachment":[{"href":"https:\/\/sumcab.de\/es\/wp-json\/wp\/v2\/media?parent=7269"}],"wp:term":[{"taxonomy":"category","embeddable":true,"href":"https:\/\/sumcab.de\/es\/wp-json\/wp\/v2\/categories?post=7269"},{"taxonomy":"post_tag","embeddable":true,"href":"https:\/\/sumcab.de\/es\/wp-json\/wp\/v2\/tags?post=7269"}],"curies":[{"name":"wp","href":"https:\/\/api.w.org\/{rel}","templated":true}]}}