{"id":7077,"date":"2025-06-04T10:21:20","date_gmt":"2025-06-04T10:21:20","guid":{"rendered":"https:\/\/sumcab.de\/aviso-legal\/"},"modified":"2025-07-29T12:43:16","modified_gmt":"2025-07-29T12:43:16","slug":"aviso-legal","status":"publish","type":"page","link":"https:\/\/sumcab.de\/es\/aviso-legal\/","title":{"rendered":"Aviso legal"},"content":{"rendered":"\t\t<div data-elementor-type=\"wp-page\" data-elementor-id=\"7077\" class=\"elementor elementor-7077 elementor-7007\" data-elementor-post-type=\"page\">\n\t\t\t\t<div class=\"elementor-element elementor-element-076b753 e-flex e-con-boxed e-con e-parent\" data-id=\"076b753\" data-element_type=\"container\" data-e-type=\"container\">\n\t\t\t\t\t<div class=\"e-con-inner\">\n\t\t<div class=\"elementor-element elementor-element-45964354 e-con-full e-flex elementor-invisible e-con e-child\" data-id=\"45964354\" data-element_type=\"container\" data-e-type=\"container\" data-settings=\"{&quot;background_background&quot;:&quot;classic&quot;,&quot;animation&quot;:&quot;fadeInDown&quot;}\">\n\t\t<div class=\"elementor-element elementor-element-2d625d98 e-con-full e-flex e-con e-child\" data-id=\"2d625d98\" data-element_type=\"container\" data-e-type=\"container\">\n\t\t\t\t<div class=\"elementor-element elementor-element-4b46f352 elementor-widget elementor-widget-text-editor\" data-id=\"4b46f352\" data-element_type=\"widget\" data-e-type=\"widget\" data-widget_type=\"text-editor.default\">\n\t\t\t\t<div class=\"elementor-widget-container\">\n\t\t\t\t\t\t\t\t\t<p>Ver m\u00e1s<\/p>\t\t\t\t\t\t\t\t<\/div>\n\t\t\t\t<\/div>\n\t\t\t\t<\/div>\n\t\t<div class=\"elementor-element elementor-element-265cf2c7 e-con-full e-flex e-con e-child\" data-id=\"265cf2c7\" data-element_type=\"container\" data-e-type=\"container\">\n\t\t\t\t<div class=\"elementor-element elementor-element-2eb19ac9 elementor-widget elementor-widget-button\" data-id=\"2eb19ac9\" data-element_type=\"widget\" data-e-type=\"widget\" data-widget_type=\"button.default\">\n\t\t\t\t<div class=\"elementor-widget-container\">\n\t\t\t\t\t\t\t\t\t<div class=\"elementor-button-wrapper\">\n\t\t\t\t\t<a class=\"elementor-button elementor-button-link elementor-size-sm elementor-animation-shrink\" href=\"https:\/\/sumcab.de\/es\/contacto\/\">\n\t\t\t\t\t\t<span class=\"elementor-button-content-wrapper\">\n\t\t\t\t\t\t\t\t\t<span class=\"elementor-button-text\">Contacta con nosotros<\/span>\n\t\t\t\t\t<\/span>\n\t\t\t\t\t<\/a>\n\t\t\t\t<\/div>\n\t\t\t\t\t\t\t\t<\/div>\n\t\t\t\t<\/div>\n\t\t\t\t<\/div>\n\t\t\t\t<\/div>\n\t\t\t\t\t<\/div>\n\t\t\t\t<\/div>\n\t\t<div class=\"elementor-element elementor-element-b595a29 e-flex e-con-boxed e-con e-parent\" data-id=\"b595a29\" data-element_type=\"container\" data-e-type=\"container\">\n\t\t\t\t\t<div class=\"e-con-inner\">\n\t\t<div class=\"elementor-element elementor-element-c83db36 e-con-full e-flex e-con e-child\" data-id=\"c83db36\" data-element_type=\"container\" data-e-type=\"container\">\n\t\t\t\t<div class=\"elementor-element elementor-element-4c61be0 fra elementor-widget elementor-widget-heading\" data-id=\"4c61be0\" data-element_type=\"widget\" data-e-type=\"widget\" data-widget_type=\"heading.default\">\n\t\t\t\t<div class=\"elementor-widget-container\">\n\t\t\t\t\t<h2 class=\"elementor-heading-title elementor-size-default\">Aviso legal<\/h2>\t\t\t\t<\/div>\n\t\t\t\t<\/div>\n\t\t\t\t<\/div>\n\t\t<div class=\"elementor-element elementor-element-b708f63 e-con-full e-flex e-con e-child\" data-id=\"b708f63\" data-element_type=\"container\" data-e-type=\"container\">\n\t\t\t\t<div class=\"elementor-element elementor-element-b9dacaa elementor-invisible elementor-widget elementor-widget-image\" data-id=\"b9dacaa\" data-element_type=\"widget\" data-e-type=\"widget\" data-settings=\"{&quot;_animation&quot;:&quot;fadeInDown&quot;}\" data-widget_type=\"image.default\">\n\t\t\t\t<div class=\"elementor-widget-container\">\n\t\t\t\t\t\t\t\t\t\t\t\t\t\t\t<img fetchpriority=\"high\" decoding=\"async\" width=\"400\" height=\"414\" src=\"https:\/\/sumcab.de\/wp-content\/uploads\/2025\/06\/Impressum_img.webp\" class=\"attachment-large size-large wp-image-1731\" alt=\"\" srcset=\"https:\/\/sumcab.de\/wp-content\/uploads\/2025\/06\/Impressum_img.webp 400w, https:\/\/sumcab.de\/wp-content\/uploads\/2025\/06\/Impressum_img-290x300.webp 290w\" sizes=\"(max-width: 400px) 100vw, 400px\" \/>\t\t\t\t\t\t\t\t\t\t\t\t\t\t\t<\/div>\n\t\t\t\t<\/div>\n\t\t\t\t<\/div>\n\t\t\t\t\t<\/div>\n\t\t\t\t<\/div>\n\t\t<div class=\"elementor-element elementor-element-0acafbe e-flex e-con-boxed e-con e-parent\" data-id=\"0acafbe\" data-element_type=\"container\" data-e-type=\"container\">\n\t\t\t\t\t<div class=\"e-con-inner\">\n\t\t\t\t<div class=\"elementor-element elementor-element-2c4c98b elementor-widget elementor-widget-text-editor\" data-id=\"2c4c98b\" data-element_type=\"widget\" data-e-type=\"widget\" data-widget_type=\"text-editor.default\">\n\t\t\t\t<div class=\"elementor-widget-container\">\n\t\t\t\t\t\t\t\t\t<p><strong>Operador del sitio conforme al \u00a7 5 TMG:<\/strong><br>SUMCAB SPECIALCABLE GMBH<br>Allmendstra\u00dfe 5\/1<br>74629 Pfedelbach<br>Tel\u00e9fono: +49 7941 \/ 646 70 0 <br>Fax: +49 (0) 7941 \/ 646 70 10 <br>Correo electr\u00f3nico: &#x69;&#x6e;&#x66;&#x6f;&#64;&#115;&#117;mc&#x61;&#x62;&#x2e;&#x64;&#x65; <br>Internet: www.sumcab.de<\/p><p><strong>Registro Mercantil:<\/strong><br>Juzgado registral: Amtsgericht Stuttgart <br>N\u00famero de registro: HRB 725103<\/p><p><strong>Directores generales:<\/strong><br>Lothar Sch\u00fctz, Manuel Romero Rinc\u00f3n<\/p><p>N\u00famero de identificaci\u00f3n fiscal seg\u00fan \u00a7 27 a Umsatzsteuergesetz:<br>DE 258040146<\/p><p><strong>Seguro de responsabilidad civil profesional:<\/strong><br>Nombre: Zurich Insurance plc <br>Direcci\u00f3n: 53287 Bonn <br>\u00c1mbito territorial de aplicaci\u00f3n: Rep\u00fablica Federal de Alemania, Sumcab Specialcable GmbH, MTPReel GmbH<\/p><p><strong>Responsable del contenido conforme al \u00a7 55, p\u00e1rrafo 2 RStV:  <\/strong><br>Lothar Sch\u00fctz (direcci\u00f3n como arriba indicada)<\/p><p><strong>Derechos de autor y cr\u00e9ditos de imagen:<\/strong><br>Los contenidos de www.sumcab.de est\u00e1n protegidos por derechos de autor, salvo indicaci\u00f3n en contrario. Las fotograf\u00edas utilizadas est\u00e1n, en su caso, identificadas con cr\u00e9ditos de imagen o mencionadas a continuaci\u00f3n, siempre que no hayan sido elaboradas por la empresa. El uso de fotograf\u00edas en sitios web de terceros es posible solo dentro del marco de la licencia respectiva del autor.  <\/p><p>Cr\u00e9ditos de imagen: \u201eImagen: Erhardt + Abt | roboter.de\u201c<\/p><p> <\/p><p><b>Creado por:<\/b><br>\u00a9 IT-Recht-Kanzlei DURY \u2013 <a id=\"OWA9bb362cf-3502-e9e7-3969-bbfdd11bd55b\" class=\"x_OWAAutoLink\" href=\"http:\/\/www.dury.de\/\" data-auth=\"NotApplicable\">www.dury.de<\/a><br>\u00a9 Website-Check GmbH \u2013 <a id=\"OWA7f46b53c-edb4-fa9a-9c9a-929b82de8d96\" class=\"x_OWAAutoLink\" href=\"http:\/\/www.website-check.de\/\" data-auth=\"NotApplicable\">www.website-check.de<\/a><\/p>\t\t\t\t\t\t\t\t<\/div>\n\t\t\t\t<\/div>\n\t\t\t\t\t<\/div>\n\t\t\t\t<\/div>\n\t\t<div class=\"elementor-element elementor-element-bb0afd6 e-flex e-con-boxed e-con e-parent\" data-id=\"bb0afd6\" data-element_type=\"container\" data-e-type=\"container\">\n\t\t\t\t\t<div class=\"e-con-inner\">\n\t\t\t\t<div class=\"elementor-element elementor-element-38cff7b elementor-widget elementor-widget-spacer\" data-id=\"38cff7b\" data-element_type=\"widget\" data-e-type=\"widget\" data-widget_type=\"spacer.default\">\n\t\t\t\t<div class=\"elementor-widget-container\">\n\t\t\t\t\t\t\t<div class=\"elementor-spacer\">\n\t\t\t<div class=\"elementor-spacer-inner\"><\/div>\n\t\t<\/div>\n\t\t\t\t\t\t<\/div>\n\t\t\t\t<\/div>\n\t\t\t\t\t<\/div>\n\t\t\t\t<\/div>\n\t\t\t\t<\/div>\n\t\t","protected":false},"excerpt":{"rendered":"<p>Ver m\u00e1s Contacta con nosotros Aviso legal Operador del sitio conforme al \u00a7 5 TMG:SUMCAB SPECIALCABLE GMBHAllmendstra\u00dfe 5\/174629 PfedelbachTel\u00e9fono: +49 7941 \/ 646 70 0 Fax: +49 (0) 7941 \/ 646 70 10 Correo electr\u00f3nico: &#105;&#x6e;f&#111;&#x40;&#115;&#x75;m&#99;&#x61;b&#x2e;&#x64;&#101; Internet: www.sumcab.de Registro Mercantil:Juzgado registral: Amtsgericht Stuttgart N\u00famero de registro: HRB 725103 Directores generales:Lothar Sch\u00fctz, Manuel Romero Rinc\u00f3n N\u00famero [&hellip;]<\/p>\n","protected":false},"author":1,"featured_media":0,"parent":0,"menu_order":0,"comment_status":"closed","ping_status":"closed","template":"","meta":{"_acf_changed":false,"inline_featured_image":false,"footnotes":""},"categories":[],"tags":[],"class_list":["post-7077","page","type-page","status-publish","hentry"],"acf":[],"_links":{"self":[{"href":"https:\/\/sumcab.de\/es\/wp-json\/wp\/v2\/pages\/7077","targetHints":{"allow":["GET"]}}],"collection":[{"href":"https:\/\/sumcab.de\/es\/wp-json\/wp\/v2\/pages"}],"about":[{"href":"https:\/\/sumcab.de\/es\/wp-json\/wp\/v2\/types\/page"}],"author":[{"embeddable":true,"href":"https:\/\/sumcab.de\/es\/wp-json\/wp\/v2\/users\/1"}],"replies":[{"embeddable":true,"href":"https:\/\/sumcab.de\/es\/wp-json\/wp\/v2\/comments?post=7077"}],"version-history":[{"count":1,"href":"https:\/\/sumcab.de\/es\/wp-json\/wp\/v2\/pages\/7077\/revisions"}],"predecessor-version":[{"id":7078,"href":"https:\/\/sumcab.de\/es\/wp-json\/wp\/v2\/pages\/7077\/revisions\/7078"}],"wp:attachment":[{"href":"https:\/\/sumcab.de\/es\/wp-json\/wp\/v2\/media?parent=7077"}],"wp:term":[{"taxonomy":"category","embeddable":true,"href":"https:\/\/sumcab.de\/es\/wp-json\/wp\/v2\/categories?post=7077"},{"taxonomy":"post_tag","embeddable":true,"href":"https:\/\/sumcab.de\/es\/wp-json\/wp\/v2\/tags?post=7077"}],"curies":[{"name":"wp","href":"https:\/\/api.w.org\/{rel}","templated":true}]}}