{"id":5172,"date":"2025-05-08T10:47:05","date_gmt":"2025-05-08T10:47:05","guid":{"rendered":"https:\/\/hostings-madstudio.es\/clientes\/sumcab\/contact\/"},"modified":"2025-07-15T08:47:44","modified_gmt":"2025-07-15T08:47:44","slug":"contact","status":"publish","type":"page","link":"https:\/\/sumcab.de\/en\/contact\/","title":{"rendered":"Contact"},"content":{"rendered":"\t\t<div data-elementor-type=\"wp-page\" data-elementor-id=\"5172\" class=\"elementor elementor-5172 elementor-868\" data-elementor-post-type=\"page\">\n\t\t\t\t<div class=\"elementor-element elementor-element-52bc8d2 e-con-full e-flex e-con e-parent\" data-id=\"52bc8d2\" data-element_type=\"container\" data-e-type=\"container\" data-settings=\"{&quot;background_background&quot;:&quot;classic&quot;}\">\n\t\t<div class=\"elementor-element elementor-element-950f383 e-flex e-con-boxed e-con e-child\" data-id=\"950f383\" data-element_type=\"container\" data-e-type=\"container\">\n\t\t\t\t\t<div class=\"e-con-inner\">\n\t\t\t\t<div class=\"elementor-element elementor-element-a7af216 elementor-widget elementor-widget-heading\" data-id=\"a7af216\" data-element_type=\"widget\" data-e-type=\"widget\" data-widget_type=\"heading.default\">\n\t\t\t\t<div class=\"elementor-widget-container\">\n\t\t\t\t\t<h2 class=\"elementor-heading-title elementor-size-default\">Get in touch with us<\/h2>\t\t\t\t<\/div>\n\t\t\t\t<\/div>\n\t\t\t\t\t<\/div>\n\t\t\t\t<\/div>\n\t\t\t\t<\/div>\n\t\t<div class=\"elementor-element elementor-element-221f924 e-flex e-con-boxed e-con e-parent\" data-id=\"221f924\" data-element_type=\"container\" data-e-type=\"container\">\n\t\t\t\t\t<div class=\"e-con-inner\">\n\t\t\t\t<div class=\"elementor-element elementor-element-26184f0 elementor-widget elementor-widget-spacer\" data-id=\"26184f0\" data-element_type=\"widget\" data-e-type=\"widget\" data-widget_type=\"spacer.default\">\n\t\t\t\t<div class=\"elementor-widget-container\">\n\t\t\t\t\t\t\t<div class=\"elementor-spacer\">\n\t\t\t<div class=\"elementor-spacer-inner\"><\/div>\n\t\t<\/div>\n\t\t\t\t\t\t<\/div>\n\t\t\t\t<\/div>\n\t\t\t\t\t<\/div>\n\t\t\t\t<\/div>\n\t\t<div class=\"elementor-element elementor-element-25d7f64 e-flex e-con-boxed e-con e-parent\" data-id=\"25d7f64\" data-element_type=\"container\" data-e-type=\"container\">\n\t\t\t\t\t<div class=\"e-con-inner\">\n\t\t<div class=\"elementor-element elementor-element-bfe7516 e-con-full e-flex e-con e-child\" data-id=\"bfe7516\" data-element_type=\"container\" data-e-type=\"container\">\n\t\t\t\t<div class=\"elementor-element elementor-element-0fd5f5e elementor-widget elementor-widget-wpforms\" data-id=\"0fd5f5e\" data-element_type=\"widget\" data-e-type=\"widget\" data-widget_type=\"wpforms.default\">\n\t\t\t\t<div class=\"elementor-widget-container\">\n\t\t\t\t\t<div class=\"wpforms-container wpforms-container-full wpforms-render-modern\" id=\"wpforms-937\"><form id=\"wpforms-form-937\" class=\"wpforms-validate wpforms-form wpforms-ajax-form\" data-formid=\"937\" method=\"post\" enctype=\"multipart\/form-data\" action=\"\/en\/wp-json\/wp\/v2\/pages\/5172\" data-token=\"e90347448349a46f996b78cb3148c4d1\" data-token-time=\"1777630426\"><noscript class=\"wpforms-error-noscript\">Please enable JavaScript in your browser to complete this form.<\/noscript><div id=\"wpforms-error-noscript\" style=\"display: none;\">Please enable JavaScript in your browser to complete this form.<\/div><div class=\"wpforms-field-container\"><div id=\"wpforms-937-field_1-container\" class=\"wpforms-field wpforms-field-radio\" data-field-id=\"1\"><fieldset><legend class=\"wpforms-field-label wpforms-label-hide\" aria-hidden=\"false\">Multiple Choice<\/legend><ul id=\"wpforms-937-field_1\"><li class=\"choice-1 depth-1\"><input type=\"radio\" id=\"wpforms-937-field_1_1\" name=\"wpforms[fields][1]\" value=\"Energy &amp; Media Supply\" aria-errormessage=\"wpforms-937-field_1_1-error\"  ><label class=\"wpforms-field-label-inline\" for=\"wpforms-937-field_1_1\">Energy &amp; Media Supply<\/label><\/li><li class=\"choice-2 depth-1\"><input type=\"radio\" id=\"wpforms-937-field_1_2\" name=\"wpforms[fields][1]\" value=\"Special Cables\" aria-errormessage=\"wpforms-937-field_1_2-error\"  ><label class=\"wpforms-field-label-inline\" for=\"wpforms-937-field_1_2\">Special Cables<\/label><\/li><li class=\"choice-3 depth-1\"><input type=\"radio\" id=\"wpforms-937-field_1_3\" name=\"wpforms[fields][1]\" value=\"MTPReel - Cable Retraction System\" aria-errormessage=\"wpforms-937-field_1_3-error\"  ><label class=\"wpforms-field-label-inline\" for=\"wpforms-937-field_1_3\">MTPReel - Cable Retraction System<\/label><\/li><li class=\"choice-4 depth-1\"><input type=\"radio\" id=\"wpforms-937-field_1_4\" name=\"wpforms[fields][1]\" value=\"Maintenance Service\" aria-errormessage=\"wpforms-937-field_1_4-error\"  ><label class=\"wpforms-field-label-inline\" for=\"wpforms-937-field_1_4\">Maintenance Service<\/label><\/li><\/ul><\/fieldset><\/div><div id=\"wpforms-937-field_2-container\" class=\"wpforms-field wpforms-field-text\" data-field-id=\"2\"><label class=\"wpforms-field-label\" for=\"wpforms-937-field_2\">First and Last Name <span class=\"wpforms-required-label\" aria-hidden=\"true\">*<\/span><\/label><input type=\"text\" id=\"wpforms-937-field_2\" class=\"wpforms-field-large wpforms-field-required\" name=\"wpforms[fields][2]\" aria-errormessage=\"wpforms-937-field_2-error\" required><\/div><div id=\"wpforms-937-field_3-container\" class=\"wpforms-field wpforms-field-text\" data-field-id=\"3\"><label class=\"wpforms-field-label\" for=\"wpforms-937-field_3\">Company name<\/label><input type=\"text\" id=\"wpforms-937-field_3\" class=\"wpforms-field-large\" name=\"wpforms[fields][3]\" aria-errormessage=\"wpforms-937-field_3-error\" ><\/div><div id=\"wpforms-937-field_15-container\" class=\"wpforms-field wpforms-field-text\" data-field-id=\"15\"><label class=\"wpforms-field-label\" for=\"wpforms-937-field_15\">Country <span class=\"wpforms-required-label\" aria-hidden=\"true\">*<\/span><\/label><input type=\"text\" id=\"wpforms-937-field_15\" class=\"wpforms-field-large wpforms-field-required\" name=\"wpforms[fields][15]\" aria-errormessage=\"wpforms-937-field_15-error\" required><\/div><div id=\"wpforms-937-field_9-container\" class=\"wpforms-field wpforms-field-layout\" data-field-id=\"9\"><div class=\"wpforms-field-layout-rows wpforms-field-large\"><div class=\"wpforms-layout-row\"><div class=\"wpforms-layout-column wpforms-layout-column-50\"><div id=\"wpforms-937-field_10-container\" class=\"wpforms-field wpforms-field-email\" data-field-id=\"10\"><label class=\"wpforms-field-label\" for=\"wpforms-937-field_10\">Email address <span class=\"wpforms-required-label\" aria-hidden=\"true\">*<\/span><\/label><input type=\"email\" id=\"wpforms-937-field_10\" class=\"wpforms-field-medium wpforms-field-required\" name=\"wpforms[fields][10]\" spellcheck=\"false\" aria-errormessage=\"wpforms-937-field_10-error\" required><\/div><\/div><div class=\"wpforms-layout-column wpforms-layout-column-50\"><div id=\"wpforms-937-field_7-container\" class=\"wpforms-field wpforms-field-text\" data-field-id=\"7\"><label class=\"wpforms-field-label\" for=\"wpforms-937-field_7\">Phone number<\/label><input type=\"text\" id=\"wpforms-937-field_7\" class=\"wpforms-field-medium\" name=\"wpforms[fields][7]\" aria-errormessage=\"wpforms-937-field_7-error\" ><\/div><\/div><\/div><\/div><\/div><div id=\"wpforms-937-field_11-container\" class=\"wpforms-field wpforms-field-layout\" data-field-id=\"11\"><div class=\"wpforms-field-layout-rows wpforms-field-large\"><div class=\"wpforms-layout-row\"><div class=\"wpforms-layout-column wpforms-layout-column-100\"><div id=\"wpforms-937-field_12-container\" class=\"wpforms-field wpforms-field-textarea\" data-field-id=\"12\"><label class=\"wpforms-field-label\" for=\"wpforms-937-field_12\">Your message<\/label><textarea id=\"wpforms-937-field_12\" class=\"wpforms-field-medium\" name=\"wpforms[fields][12]\" aria-errormessage=\"wpforms-937-field_12-error\" ><\/textarea><\/div><\/div><\/div><div class=\"wpforms-layout-row\"><div class=\"wpforms-layout-column wpforms-layout-column-100\"><div id=\"wpforms-937-field_13-container\" class=\"wpforms-field wpforms-field-checkbox\" data-field-id=\"13\"><fieldset><legend class=\"wpforms-field-label wpforms-label-hide\" aria-hidden=\"false\">Checkboxes <span class=\"wpforms-required-label\" aria-hidden=\"true\">*<\/span><\/legend><ul id=\"wpforms-937-field_13\" class=\"wpforms-field-required\"><li class=\"choice-1 depth-1\"><input type=\"checkbox\" id=\"wpforms-937-field_13_1\" name=\"wpforms[fields][13][]\" value=\"I have read and agree to &lt;a href=&quot;https:\/\/sumcab.de\/en\/privacy-policy\/&quot; target=&quot;_blank&quot;&gt;the privacy policy&lt;\/a&gt;\" aria-errormessage=\"wpforms-937-field_13_1-error\" required ><label class=\"wpforms-field-label-inline\" for=\"wpforms-937-field_13_1\">I have read and agree to <a href=\"https:\/\/sumcab.de\/en\/privacy-policy\/\" target=\"_blank\">the privacy policy<\/a><\/label><\/li><\/ul><\/fieldset><\/div><\/div><\/div><\/div><\/div>\t\t<div id=\"wpforms-937-field_4-container\"\n\t\t\tclass=\"wpforms-field wpforms-field-text\"\n\t\t\tdata-field-type=\"text\"\n\t\t\tdata-field-id=\"4\"\n\t\t\t>\n\t\t\t<label class=\"wpforms-field-label\" for=\"wpforms-937-field_4\" >Custom and Last<\/label>\n\t\t\t<input type=\"text\" id=\"wpforms-937-field_4\" class=\"wpforms-field-medium\" name=\"wpforms[fields][4]\" >\n\t\t<\/div>\n\t\t<div id=\"wpforms-937-field_14-container\" class=\"wpforms-field wpforms-field-captcha\" data-field-id=\"14\"><label class=\"wpforms-field-label wpforms-label-hide\" for=\"wpforms-937-field_14\" aria-hidden=\"false\">Custom Captcha <span class=\"wpforms-required-label\" aria-hidden=\"true\">*<\/span><\/label>\t\t\t<div class=\"wpforms-captcha-math\">\n\t\t\t\t<span id=\"wpforms-937-field_14-question\" class=\"wpforms-captcha-equation\">\n\t\t\t\t\t<span class=\"n1\">11<\/span>\n\t\t\t\t\t\t\t<span class=\"cal\">*<\/span>\n\t\t\t\t\t\t\t<span class=\"n2\">2<\/span>\t\t\t\t\t<span class=\"e\">=<\/span>\n\t\t\t\t<\/span>\n\t\t\t\t<input type=\"text\" id=\"wpforms-937-field_14\" class=\"wpforms-field-medium wpforms-field-required a\" data-rule-wpf-captcha=\"math\" data-is-wrapped-field=\"1\" name=\"wpforms[fields][14][a]\" aria-errormessage=\"wpforms-937-field_14-error\" aria-describedby=\"wpforms-937-field_14-question\" required>\t\t\t\t<input type=\"hidden\" name=\"wpforms[fields][14][cal]\" class=\"cal\">\n\t\t\t\t<input type=\"hidden\" name=\"wpforms[fields][14][n2]\" class=\"n2\">\n\t\t\t\t<input type=\"hidden\" name=\"wpforms[fields][14][n1]\" class=\"n1\">\n\t\t\t<\/div>\n\t\t\t<\/div><div id=\"wpforms-937-field_16-container\" class=\"wpforms-field wpforms-field-hidden\" data-field-id=\"16\"><input type=\"hidden\" id=\"wpforms-937-field_16\" name=\"wpforms[fields][16]\" value=\"https:\/\/sumcab.de\/en\/wp-json\/wp\/v2\/pages\/5172\"><\/div><script>\n\t\t\t\t( function() {\n\t\t\t\t\tconst style = document.createElement( 'style' );\n\t\t\t\t\tstyle.appendChild( document.createTextNode( '#wpforms-937-field_4-container { position: absolute !important; overflow: hidden !important; display: inline !important; height: 1px !important; width: 1px !important; z-index: -1000 !important; padding: 0 !important; } #wpforms-937-field_4-container input { visibility: hidden; } #wpforms-conversational-form-page #wpforms-937-field_4-container label { counter-increment: none; }' ) );\n\t\t\t\t\tdocument.head.appendChild( style );\n\t\t\t\t\tdocument.currentScript?.remove();\n\t\t\t\t} )();\n\t\t\t<\/script><\/div><!-- .wpforms-field-container --><div class=\"wpforms-submit-container\" ><input type=\"hidden\" name=\"wpforms[id]\" value=\"937\"><input type=\"hidden\" name=\"page_title\" value=\"\"><input type=\"hidden\" name=\"page_url\" value=\"https:\/\/sumcab.de\/en\/wp-json\/wp\/v2\/pages\/5172\"><input type=\"hidden\" name=\"url_referer\" value=\"\"><button type=\"submit\" name=\"wpforms[submit]\" id=\"wpforms-submit-937\" class=\"wpforms-submit\" data-alt-text=\"Sending...\" data-submit-text=\"Send message\" aria-live=\"assertive\" value=\"wpforms-submit\">Send message<\/button><img decoding=\"async\" src=\"https:\/\/sumcab.de\/wp-content\/plugins\/wpforms\/assets\/images\/submit-spin.svg\" class=\"wpforms-submit-spinner\" style=\"display: none;\" width=\"26\" height=\"26\" alt=\"Loading\"><\/div><\/form><\/div>  <!-- .wpforms-container -->\t\t\t\t<\/div>\n\t\t\t\t<\/div>\n\t\t\t\t<\/div>\n\t\t<div class=\"elementor-element elementor-element-eb272e4 e-con-full elementor-hidden-mobile e-flex e-con e-child\" data-id=\"eb272e4\" data-element_type=\"container\" data-e-type=\"container\" data-settings=\"{&quot;background_background&quot;:&quot;classic&quot;,&quot;background_motion_fx_motion_fx_scrolling&quot;:&quot;yes&quot;,&quot;background_motion_fx_translateY_effect&quot;:&quot;yes&quot;,&quot;background_motion_fx_translateY_speed&quot;:{&quot;unit&quot;:&quot;px&quot;,&quot;size&quot;:8.7,&quot;sizes&quot;:[]},&quot;background_motion_fx_translateY_affectedRange&quot;:{&quot;unit&quot;:&quot;%&quot;,&quot;size&quot;:&quot;&quot;,&quot;sizes&quot;:{&quot;start&quot;:0,&quot;end&quot;:100}},&quot;background_motion_fx_devices&quot;:[&quot;desktop&quot;,&quot;tablet&quot;,&quot;mobile&quot;]}\">\n\t\t\t\t<\/div>\n\t\t\t\t\t<\/div>\n\t\t\t\t<\/div>\n\t\t<div class=\"elementor-element elementor-element-94e416d e-flex e-con-boxed e-con e-parent\" data-id=\"94e416d\" data-element_type=\"container\" data-e-type=\"container\" data-settings=\"{&quot;background_background&quot;:&quot;classic&quot;}\">\n\t\t\t\t\t<div class=\"e-con-inner\">\n\t\t<div class=\"elementor-element elementor-element-37f69e6 e-con-full e-flex e-con e-child\" data-id=\"37f69e6\" data-element_type=\"container\" data-e-type=\"container\" data-settings=\"{&quot;background_background&quot;:&quot;classic&quot;}\">\n\t\t\t\t<div class=\"elementor-element elementor-element-d088932 elementor-widget elementor-widget-spacer\" data-id=\"d088932\" data-element_type=\"widget\" data-e-type=\"widget\" data-widget_type=\"spacer.default\">\n\t\t\t\t<div class=\"elementor-widget-container\">\n\t\t\t\t\t\t\t<div class=\"elementor-spacer\">\n\t\t\t<div class=\"elementor-spacer-inner\"><\/div>\n\t\t<\/div>\n\t\t\t\t\t\t<\/div>\n\t\t\t\t<\/div>\n\t\t\t\t<\/div>\n\t\t\t\t\t<\/div>\n\t\t\t\t<\/div>\n\t\t<div class=\"elementor-element elementor-element-bfe566d e-flex e-con-boxed e-con e-parent\" data-id=\"bfe566d\" data-element_type=\"container\" data-e-type=\"container\" data-settings=\"{&quot;background_background&quot;:&quot;classic&quot;}\">\n\t\t\t\t\t<div class=\"e-con-inner\">\n\t\t<div class=\"elementor-element elementor-element-a90aba5 e-con-full fondo_blanco e-flex elementor-invisible e-con e-child\" data-id=\"a90aba5\" data-element_type=\"container\" data-e-type=\"container\" data-settings=\"{&quot;background_background&quot;:&quot;classic&quot;,&quot;animation&quot;:&quot;fadeInLeft&quot;}\">\n\t\t\t\t<div class=\"elementor-element elementor-element-1e9e092 elementor-widget elementor-widget-heading\" data-id=\"1e9e092\" data-element_type=\"widget\" data-e-type=\"widget\" data-widget_type=\"heading.default\">\n\t\t\t\t<div class=\"elementor-widget-container\">\n\t\t\t\t\t<h2 class=\"elementor-heading-title elementor-size-default\">Sumcab <br>Robotics \n<\/h2>\t\t\t\t<\/div>\n\t\t\t\t<\/div>\n\t\t\t\t<div class=\"elementor-element elementor-element-e0adcb2 elementor-widget elementor-widget-text-editor\" data-id=\"e0adcb2\" data-element_type=\"widget\" data-e-type=\"widget\" data-widget_type=\"text-editor.default\">\n\t\t\t\t<div class=\"elementor-widget-container\">\n\t\t\t\t\t\t\t\t\t<p>PRODUCTION CENTER<br>Allmendstra\u00dfe 5\/1<br>74629 Pfedelbach<br>Deutschland<\/p><p>T: +49 (0) 7941 646 70 0<br>F: +49 (0) 7941 646 70 10<br><a href=\"&#x6d;&#97;&#x69;&#108;t&#x6f;&#58;i&#x6e;&#102;&#x6f;&#x40;s&#x75;&#109;c&#x61;&#98;&#x2e;&#x64;e\">&#105;&#x6e;f&#x6f;&#x40;&#115;&#x75;m&#x63;&#x61;&#98;&#x2e;d&#x65;<\/a><\/p>\t\t\t\t\t\t\t\t<\/div>\n\t\t\t\t<\/div>\n\t\t\t\t<\/div>\n\t\t<div class=\"elementor-element elementor-element-2c29a76 e-con-full fondo_blanco e-flex elementor-invisible e-con e-child\" data-id=\"2c29a76\" data-element_type=\"container\" data-e-type=\"container\" data-settings=\"{&quot;background_background&quot;:&quot;classic&quot;,&quot;animation&quot;:&quot;fadeIn&quot;,&quot;animation_delay&quot;:200}\">\n\t\t\t\t<div class=\"elementor-element elementor-element-b64f6d2 elementor-widget elementor-widget-heading\" data-id=\"b64f6d2\" data-element_type=\"widget\" data-e-type=\"widget\" data-widget_type=\"heading.default\">\n\t\t\t\t<div class=\"elementor-widget-container\">\n\t\t\t\t\t<h2 class=\"elementor-heading-title elementor-size-default\">Sumcab <br>Robotics Spain<\/h2>\t\t\t\t<\/div>\n\t\t\t\t<\/div>\n\t\t\t\t<div class=\"elementor-element elementor-element-1311020 elementor-widget elementor-widget-text-editor\" data-id=\"1311020\" data-element_type=\"widget\" data-e-type=\"widget\" data-widget_type=\"text-editor.default\">\n\t\t\t\t<div class=\"elementor-widget-container\">\n\t\t\t\t\t\t\t\t\t<p>Pol\u00edgono Industrial Mol\u00ed dels Frares<br>Calle C n\u00fameros 10 y 12<br>08620 Sant Vicen\u00e7 dels Horts Barcelona &#8211; Spanien<\/p><p>T: +34 93 120 55 09<br>F: +34 93 462 79 80<br><a href=\"&#x6d;&#x61;&#105;l&#x74;&#x6f;&#58;&#115;u&#x6d;&#x63;&#97;&#98;r&#x6f;&#x62;&#111;ti&#x63;&#x73;&#64;s&#x75;&#x6d;&#99;&#97;b&#x2e;&#x63;&#111;&#109;\">s&#117;&#x6d;&#x63;a&#98;&#114;&#x6f;&#x62;o&#116;&#105;&#x63;&#x73;&#64;&#115;&#x75;&#x6d;&#x63;a&#98;&#x2e;&#x63;o&#109;<\/a><\/p>\t\t\t\t\t\t\t\t<\/div>\n\t\t\t\t<\/div>\n\t\t\t\t<\/div>\n\t\t<div class=\"elementor-element elementor-element-7f203e2 e-con-full fondo_blanco e-flex elementor-invisible e-con e-child\" data-id=\"7f203e2\" data-element_type=\"container\" data-e-type=\"container\" data-settings=\"{&quot;background_background&quot;:&quot;classic&quot;,&quot;animation&quot;:&quot;fadeInRight&quot;,&quot;animation_delay&quot;:400}\">\n\t\t\t\t<div class=\"elementor-element elementor-element-285007a elementor-widget elementor-widget-heading\" data-id=\"285007a\" data-element_type=\"widget\" data-e-type=\"widget\" data-widget_type=\"heading.default\">\n\t\t\t\t<div class=\"elementor-widget-container\">\n\t\t\t\t\t<h2 class=\"elementor-heading-title elementor-size-default\">Sumcab Special<br>Cable Group\n<\/h2>\t\t\t\t<\/div>\n\t\t\t\t<\/div>\n\t\t\t\t<div class=\"elementor-element elementor-element-7f671ce elementor-widget elementor-widget-text-editor\" data-id=\"7f671ce\" data-element_type=\"widget\" data-e-type=\"widget\" data-widget_type=\"text-editor.default\">\n\t\t\t\t<div class=\"elementor-widget-container\">\n\t\t\t\t\t\t\t\t\t<p>Pol. Ind. Pla de LleronaC\/ Gran Bretanya 29<br>08520 Les Franqueses del Vall\u00e8s<br>Barcelona &#8211; Spanien  <\/p><p>T: +34 93 462 70 57<br>F: +34 93 462 79 80<br><a href=\"&#109;a&#x69;l&#x74;o&#x3a;&#115;&#x75;&#109;&#x63;&#97;b&#x40;s&#x75;m&#x63;&#97;&#x62;&#46;&#x63;&#111;&#x6d;\" target=\"_blank\" rel=\"noopener\">su&#109;&#99;&#97;&#x62;&#x40;&#x73;&#x75;mc&#97;&#98;&#46;&#x63;&#x6f;&#x6d;<\/a><\/p>\t\t\t\t\t\t\t\t<\/div>\n\t\t\t\t<\/div>\n\t\t\t\t<\/div>\n\t\t\t\t\t<\/div>\n\t\t\t\t<\/div>\n\t\t<div class=\"elementor-element elementor-element-1a3ee0a e-flex e-con-boxed e-con e-parent\" data-id=\"1a3ee0a\" data-element_type=\"container\" data-e-type=\"container\" data-settings=\"{&quot;background_background&quot;:&quot;classic&quot;}\">\n\t\t\t\t\t<div class=\"e-con-inner\">\n\t\t<div class=\"elementor-element elementor-element-2b40fde e-con-full e-flex e-con e-child\" data-id=\"2b40fde\" data-element_type=\"container\" data-e-type=\"container\" data-settings=\"{&quot;background_background&quot;:&quot;classic&quot;}\">\n\t\t\t\t<div class=\"elementor-element elementor-element-8a46374 elementor-widget elementor-widget-spacer\" data-id=\"8a46374\" data-element_type=\"widget\" data-e-type=\"widget\" data-widget_type=\"spacer.default\">\n\t\t\t\t<div class=\"elementor-widget-container\">\n\t\t\t\t\t\t\t<div class=\"elementor-spacer\">\n\t\t\t<div class=\"elementor-spacer-inner\"><\/div>\n\t\t<\/div>\n\t\t\t\t\t\t<\/div>\n\t\t\t\t<\/div>\n\t\t\t\t<\/div>\n\t\t\t\t\t<\/div>\n\t\t\t\t<\/div>\n\t\t\t\t<\/div>\n\t\t","protected":false},"excerpt":{"rendered":"<p>Get in touch with us Bitte aktiviere JavaScript in deinem Browser, um dieses Formular fertigzustellen.Bitte aktiviere JavaScript in deinem Browser, um dieses Formular fertigzustellen. Multiple Choice Energiepaketsysteme Spezialkabel MTPReel \u2013 Kabelr\u00fcckzugssystem Instandhaltungsservice Vor- und Nachname * und E-Mail Layout FirmennameE-Mail Adresse *TelefonnummerIhre Nachricht Checkboxes * Ich habe die Datenschutzerkl\u00e4rung gelesen und stimme ihr zu Nachricht [&hellip;]<\/p>\n","protected":false},"author":1,"featured_media":0,"parent":0,"menu_order":0,"comment_status":"closed","ping_status":"closed","template":"","meta":{"_acf_changed":false,"inline_featured_image":false,"footnotes":""},"categories":[],"tags":[],"class_list":["post-5172","page","type-page","status-publish","hentry"],"acf":[],"_links":{"self":[{"href":"https:\/\/sumcab.de\/en\/wp-json\/wp\/v2\/pages\/5172","targetHints":{"allow":["GET"]}}],"collection":[{"href":"https:\/\/sumcab.de\/en\/wp-json\/wp\/v2\/pages"}],"about":[{"href":"https:\/\/sumcab.de\/en\/wp-json\/wp\/v2\/types\/page"}],"author":[{"embeddable":true,"href":"https:\/\/sumcab.de\/en\/wp-json\/wp\/v2\/users\/1"}],"replies":[{"embeddable":true,"href":"https:\/\/sumcab.de\/en\/wp-json\/wp\/v2\/comments?post=5172"}],"version-history":[{"count":5,"href":"https:\/\/sumcab.de\/en\/wp-json\/wp\/v2\/pages\/5172\/revisions"}],"predecessor-version":[{"id":6562,"href":"https:\/\/sumcab.de\/en\/wp-json\/wp\/v2\/pages\/5172\/revisions\/6562"}],"wp:attachment":[{"href":"https:\/\/sumcab.de\/en\/wp-json\/wp\/v2\/media?parent=5172"}],"wp:term":[{"taxonomy":"category","embeddable":true,"href":"https:\/\/sumcab.de\/en\/wp-json\/wp\/v2\/categories?post=5172"},{"taxonomy":"post_tag","embeddable":true,"href":"https:\/\/sumcab.de\/en\/wp-json\/wp\/v2\/tags?post=5172"}],"curies":[{"name":"wp","href":"https:\/\/api.w.org\/{rel}","templated":true}]}}